{"id":1904,"date":"2024-03-14T17:11:31","date_gmt":"2024-03-14T17:11:31","guid":{"rendered":"https:\/\/bambaluateatro.com\/5.7\/?page_id=1904"},"modified":"2024-03-15T12:46:34","modified_gmt":"2024-03-15T12:46:34","slug":"camino","status":"publish","type":"page","link":"https:\/\/bambaluateatro.com\/5.7\/espectaculos\/teatro-para-todos-los-publicos\/camino\/","title":{"rendered":"Camino"},"content":{"rendered":"\n\n\n<h1>CAMINO<\/h1>\n\n<p style=\"color: rgb(204, 224, 245);\">\u00abTraigo reliquias aut\u00e9nticas. Con tan solo tocarlas evitar\u00e9is el purgatorio y se abrir\u00e1n las puertas del para\u00edso.\u201c<\/p>\n\n\n\n\n\n<h2><font style=\"vertical-align: inherit\"><span style=\"color:#888888;\"><\/span>descargas<\/font><\/h2>\n\n\n\n\n\n\n\n\n\n\n\n\n\n\n\n\n\n\n\n\n<h2><font style=\"vertical-align: inherit\"><span style=\"color:#888888;\"><\/span>Sinopsis<\/font><\/h2>\n\n<h3 style=\"text-align: justify; line-height: 0.9;\"><span style=\"font-size:large;\"><font style=\"vertical-align: inherit;\"><font style=\"vertical-align: inherit;\">Un espect\u00e1culo de humor sobre el camino de Santiago&nbsp;<\/font><\/font><\/span><span style=\"font-size: large;\">, por el que desfilan variopintos personajes: un tullido de mala sombra, un monje octogenario, un peregrino doncel, un buhonero sin escr\u00fapulos, cuatro romeros ciegos, perdidos en un bucle y la muerte, funesta y caprichosa, que quiere llevarse a uno de ellos&#8230; \u00bfPero a Qui\u00e9n? Una comedia donde confluyen las esperanzas de esta comitiva sin par: superviviente, villanos, ganapanes y milagreros&#8230; peregrinos todos con una meta en com\u00fan, llegar a Santiago.<\/span><\/h3>\n\n\n\n\n\n\n\n<h2><font style=\"vertical-align: inherit;\">caracter\u00edsticas<\/font><\/h2>\n\n<p style=\"text-align: right; font-size: large; line-height: 1.5;\"><font style=\"vertical-align: inherit;\">Espacio: <\/font><strong><font style=\"vertical-align: inherit;\">Sala y calle. <\/font><\/strong><\/p>\n<p style=\"text-align: right; font-size: large; line-height: 1.5;\"><strong><font style=\"vertical-align: inherit;\">Adaptable a otros espacios (consultar)<\/font><\/strong><br>\n<font style=\"vertical-align: inherit;\">P\u00fablico: <\/font><strong><font style=\"vertical-align: inherit;\">Todos los p\u00fablicos. A partir de 8 a\u00f1os.  <\/font><\/strong>\n<br>\n<font style=\"vertical-align: inherit;\">Duraci\u00f3n: <\/font><strong><font style=\"vertical-align: inherit;\">60 minutos. <\/font><\/strong>\n<br>\n<strong><font style=\"vertical-align: inherit;\">Campa\u00f1as escolares:  <\/font><font style=\"vertical-align: inherit;\">E.SO. y BACH. <\/font><\/strong><\/p>\n<p style=\"text-align: right; font-size: large; line-height: 1.5;\"><strong><font style=\"vertical-align: inherit;\">Posibilidad de realizar teatro f\u00f3rum tras el espect\u00e1culo.<\/font><\/strong><\/p>\n\n\n\n\n\n\n\n\n\n\n\n\n\n\n\n<h2><font style=\"vertical-align: inherit\"><span style=\"color:#888888;\"><\/span>video<\/font><\/h2>\n\n\n\n\n\n\n\n\n\n\n\n<h2><font style=\"vertical-align: inherit;\">Galer\u00eda<\/font><\/h2>\n\n\n<p style=\"text-align: right; font-size: large;\">Fotograf\u00eda:<\/p>\n<p style=\"text-align: right; font-size: large;\">M. A. Valdivielso<\/p>\n\n\n\n\n\n\n\n","protected":false},"excerpt":{"rendered":"","protected":false},"author":2,"featured_media":0,"parent":349,"menu_order":1,"comment_status":"closed","ping_status":"closed","template":"","meta":{"pagelayer_contact_templates":[],"_pagelayer_content":"","footnotes":""},"class_list":["post-1904","page","type-page","status-publish","hentry"],"yoast_head":"<!-- This site is optimized with the Yoast SEO plugin v27.3 - https:\/\/yoast.com\/product\/yoast-seo-wordpress\/ -->\r\n<title>Camino - Bambalua teatro<\/title>\r\n<meta name=\"robots\" content=\"index, follow, max-snippet:-1, max-image-preview:large, max-video-preview:-1\" \/>\r\n<link rel=\"canonical\" href=\"https:\/\/bambaluateatro.com\/5.7\/espectaculos\/teatro-para-todos-los-publicos\/camino\/\" \/>\r\n<meta property=\"og:locale\" content=\"es_ES\" \/>\r\n<meta property=\"og:type\" content=\"article\" \/>\r\n<meta property=\"og:title\" content=\"Camino - Bambalua teatro\" \/>\r\n<meta property=\"og:url\" content=\"https:\/\/bambaluateatro.com\/5.7\/espectaculos\/teatro-para-todos-los-publicos\/camino\/\" \/>\r\n<meta property=\"og:site_name\" content=\"Bambalua teatro\" \/>\r\n<meta property=\"article:publisher\" content=\"https:\/\/www.facebook.com\/bambalua\" \/>\r\n<meta property=\"article:modified_time\" content=\"2024-03-15T12:46:34+00:00\" \/>\r\n<meta name=\"twitter:card\" content=\"summary_large_image\" \/>\r\n<meta name=\"twitter:label1\" content=\"Tiempo de lectura\" \/>\n\t<meta name=\"twitter:data1\" content=\"1 minuto\" \/>\r\n<script type=\"application\/ld+json\" class=\"yoast-schema-graph\">{\"@context\":\"https:\\\/\\\/schema.org\",\"@graph\":[{\"@type\":\"WebPage\",\"@id\":\"https:\\\/\\\/bambaluateatro.com\\\/5.7\\\/espectaculos\\\/teatro-para-todos-los-publicos\\\/camino\\\/\",\"url\":\"https:\\\/\\\/bambaluateatro.com\\\/5.7\\\/espectaculos\\\/teatro-para-todos-los-publicos\\\/camino\\\/\",\"name\":\"Camino - Bambalua teatro\",\"isPartOf\":{\"@id\":\"https:\\\/\\\/bambaluateatro.com\\\/5.7\\\/#website\"},\"datePublished\":\"2024-03-14T17:11:31+00:00\",\"dateModified\":\"2024-03-15T12:46:34+00:00\",\"breadcrumb\":{\"@id\":\"https:\\\/\\\/bambaluateatro.com\\\/5.7\\\/espectaculos\\\/teatro-para-todos-los-publicos\\\/camino\\\/#breadcrumb\"},\"inLanguage\":\"es\",\"potentialAction\":[{\"@type\":\"ReadAction\",\"target\":[\"https:\\\/\\\/bambaluateatro.com\\\/5.7\\\/espectaculos\\\/teatro-para-todos-los-publicos\\\/camino\\\/\"]}]},{\"@type\":\"BreadcrumbList\",\"@id\":\"https:\\\/\\\/bambaluateatro.com\\\/5.7\\\/espectaculos\\\/teatro-para-todos-los-publicos\\\/camino\\\/#breadcrumb\",\"itemListElement\":[{\"@type\":\"ListItem\",\"position\":1,\"name\":\"Portada\",\"item\":\"https:\\\/\\\/bambaluateatro.com\\\/5.7\\\/\"},{\"@type\":\"ListItem\",\"position\":2,\"name\":\"Espect\u00e1culos\",\"item\":\"https:\\\/\\\/bambaluateatro.com\\\/5.7\\\/espectaculos\\\/\"},{\"@type\":\"ListItem\",\"position\":3,\"name\":\"Teatro para todos los p\u00fablicos\",\"item\":\"https:\\\/\\\/bambaluateatro.com\\\/5.7\\\/espectaculos\\\/teatro-para-todos-los-publicos\\\/\"},{\"@type\":\"ListItem\",\"position\":4,\"name\":\"Camino\"}]},{\"@type\":\"WebSite\",\"@id\":\"https:\\\/\\\/bambaluateatro.com\\\/5.7\\\/#website\",\"url\":\"https:\\\/\\\/bambaluateatro.com\\\/5.7\\\/\",\"name\":\"Bambal\u00faa teatro\",\"description\":\"Bambal\u00faa Teatro - Artes Esc\u00e9nicas\",\"publisher\":{\"@id\":\"https:\\\/\\\/bambaluateatro.com\\\/5.7\\\/#organization\"},\"potentialAction\":[{\"@type\":\"SearchAction\",\"target\":{\"@type\":\"EntryPoint\",\"urlTemplate\":\"https:\\\/\\\/bambaluateatro.com\\\/5.7\\\/?s={search_term_string}\"},\"query-input\":{\"@type\":\"PropertyValueSpecification\",\"valueRequired\":true,\"valueName\":\"search_term_string\"}}],\"inLanguage\":\"es\"},{\"@type\":\"Organization\",\"@id\":\"https:\\\/\\\/bambaluateatro.com\\\/5.7\\\/#organization\",\"name\":\"Bambal\u00faa teatro\",\"url\":\"https:\\\/\\\/bambaluateatro.com\\\/5.7\\\/\",\"logo\":{\"@type\":\"ImageObject\",\"inLanguage\":\"es\",\"@id\":\"https:\\\/\\\/bambaluateatro.com\\\/5.7\\\/#\\\/schema\\\/logo\\\/image\\\/\",\"url\":\"https:\\\/\\\/bambaluateatro.com\\\/5.7\\\/wp-content\\\/uploads\\\/2021\\\/11\\\/icono_u4.png\",\"contentUrl\":\"https:\\\/\\\/bambaluateatro.com\\\/5.7\\\/wp-content\\\/uploads\\\/2021\\\/11\\\/icono_u4.png\",\"width\":500,\"height\":494,\"caption\":\"Bambal\u00faa teatro\"},\"image\":{\"@id\":\"https:\\\/\\\/bambaluateatro.com\\\/5.7\\\/#\\\/schema\\\/logo\\\/image\\\/\"},\"sameAs\":[\"https:\\\/\\\/www.facebook.com\\\/bambalua\",\"https:\\\/\\\/www.youtube.com\\\/user\\\/bambaluateatro\",\"https:\\\/\\\/twitter.com\\\/bambalua\"]}]}<\/script>\r\n<!-- \/ Yoast SEO plugin. -->","yoast_head_json":{"title":"Camino - Bambalua teatro","robots":{"index":"index","follow":"follow","max-snippet":"max-snippet:-1","max-image-preview":"max-image-preview:large","max-video-preview":"max-video-preview:-1"},"canonical":"https:\/\/bambaluateatro.com\/5.7\/espectaculos\/teatro-para-todos-los-publicos\/camino\/","og_locale":"es_ES","og_type":"article","og_title":"Camino - Bambalua teatro","og_url":"https:\/\/bambaluateatro.com\/5.7\/espectaculos\/teatro-para-todos-los-publicos\/camino\/","og_site_name":"Bambalua teatro","article_publisher":"https:\/\/www.facebook.com\/bambalua","article_modified_time":"2024-03-15T12:46:34+00:00","twitter_card":"summary_large_image","twitter_misc":{"Tiempo de lectura":"1 minuto"},"schema":{"@context":"https:\/\/schema.org","@graph":[{"@type":"WebPage","@id":"https:\/\/bambaluateatro.com\/5.7\/espectaculos\/teatro-para-todos-los-publicos\/camino\/","url":"https:\/\/bambaluateatro.com\/5.7\/espectaculos\/teatro-para-todos-los-publicos\/camino\/","name":"Camino - Bambalua teatro","isPartOf":{"@id":"https:\/\/bambaluateatro.com\/5.7\/#website"},"datePublished":"2024-03-14T17:11:31+00:00","dateModified":"2024-03-15T12:46:34+00:00","breadcrumb":{"@id":"https:\/\/bambaluateatro.com\/5.7\/espectaculos\/teatro-para-todos-los-publicos\/camino\/#breadcrumb"},"inLanguage":"es","potentialAction":[{"@type":"ReadAction","target":["https:\/\/bambaluateatro.com\/5.7\/espectaculos\/teatro-para-todos-los-publicos\/camino\/"]}]},{"@type":"BreadcrumbList","@id":"https:\/\/bambaluateatro.com\/5.7\/espectaculos\/teatro-para-todos-los-publicos\/camino\/#breadcrumb","itemListElement":[{"@type":"ListItem","position":1,"name":"Portada","item":"https:\/\/bambaluateatro.com\/5.7\/"},{"@type":"ListItem","position":2,"name":"Espect\u00e1culos","item":"https:\/\/bambaluateatro.com\/5.7\/espectaculos\/"},{"@type":"ListItem","position":3,"name":"Teatro para todos los p\u00fablicos","item":"https:\/\/bambaluateatro.com\/5.7\/espectaculos\/teatro-para-todos-los-publicos\/"},{"@type":"ListItem","position":4,"name":"Camino"}]},{"@type":"WebSite","@id":"https:\/\/bambaluateatro.com\/5.7\/#website","url":"https:\/\/bambaluateatro.com\/5.7\/","name":"Bambal\u00faa teatro","description":"Bambal\u00faa Teatro - Artes Esc\u00e9nicas","publisher":{"@id":"https:\/\/bambaluateatro.com\/5.7\/#organization"},"potentialAction":[{"@type":"SearchAction","target":{"@type":"EntryPoint","urlTemplate":"https:\/\/bambaluateatro.com\/5.7\/?s={search_term_string}"},"query-input":{"@type":"PropertyValueSpecification","valueRequired":true,"valueName":"search_term_string"}}],"inLanguage":"es"},{"@type":"Organization","@id":"https:\/\/bambaluateatro.com\/5.7\/#organization","name":"Bambal\u00faa teatro","url":"https:\/\/bambaluateatro.com\/5.7\/","logo":{"@type":"ImageObject","inLanguage":"es","@id":"https:\/\/bambaluateatro.com\/5.7\/#\/schema\/logo\/image\/","url":"https:\/\/bambaluateatro.com\/5.7\/wp-content\/uploads\/2021\/11\/icono_u4.png","contentUrl":"https:\/\/bambaluateatro.com\/5.7\/wp-content\/uploads\/2021\/11\/icono_u4.png","width":500,"height":494,"caption":"Bambal\u00faa teatro"},"image":{"@id":"https:\/\/bambaluateatro.com\/5.7\/#\/schema\/logo\/image\/"},"sameAs":["https:\/\/www.facebook.com\/bambalua","https:\/\/www.youtube.com\/user\/bambaluateatro","https:\/\/twitter.com\/bambalua"]}]}},"_links":{"self":[{"href":"https:\/\/bambaluateatro.com\/5.7\/wp-json\/wp\/v2\/pages\/1904","targetHints":{"allow":["GET"]}}],"collection":[{"href":"https:\/\/bambaluateatro.com\/5.7\/wp-json\/wp\/v2\/pages"}],"about":[{"href":"https:\/\/bambaluateatro.com\/5.7\/wp-json\/wp\/v2\/types\/page"}],"author":[{"embeddable":true,"href":"https:\/\/bambaluateatro.com\/5.7\/wp-json\/wp\/v2\/users\/2"}],"replies":[{"embeddable":true,"href":"https:\/\/bambaluateatro.com\/5.7\/wp-json\/wp\/v2\/comments?post=1904"}],"version-history":[{"count":15,"href":"https:\/\/bambaluateatro.com\/5.7\/wp-json\/wp\/v2\/pages\/1904\/revisions"}],"predecessor-version":[{"id":1941,"href":"https:\/\/bambaluateatro.com\/5.7\/wp-json\/wp\/v2\/pages\/1904\/revisions\/1941"}],"up":[{"embeddable":true,"href":"https:\/\/bambaluateatro.com\/5.7\/wp-json\/wp\/v2\/pages\/349"}],"wp:attachment":[{"href":"https:\/\/bambaluateatro.com\/5.7\/wp-json\/wp\/v2\/media?parent=1904"}],"curies":[{"name":"wp","href":"https:\/\/api.w.org\/{rel}","templated":true}]}}