{"id":31,"date":"2021-11-22T17:01:25","date_gmt":"2021-11-22T17:01:25","guid":{"rendered":"https:\/\/bambaluateatro.com\/5.7\/home\/"},"modified":"2025-09-03T14:42:51","modified_gmt":"2025-09-03T14:42:51","slug":"home","status":"publish","type":"page","link":"https:\/\/bambaluateatro.com\/5.7\/","title":{"rendered":"Inicio"},"content":{"rendered":"\n\n\n\n\n\n\n\n\n<p [object NamedNodeMap]>La m\u00e1s incre\u00edble de todos los superh\u00e9roes se enfrena a un enigm\u00e1tico y complicado caso, el robo de todos los peluches de la ciudad. \u00bfDerrotar\u00e1 con su ingenio a los \u00ab4 supermalotes\u00bb?<\/p>\n\n\n\n\n\n<p [object NamedNodeMap]>Desventuras de un puchero de garbanzos que va pasando de mano en mano. 11 personajes en una apuesta \u00e1gil y trepidante teatro breve barroco y de la farsa medieval.<\/p>\n\n\n\n\n\n<p [object NamedNodeMap]>Una adaptaci\u00f3n libre de 6 relatos fant\u00e1sticos y sobrenaturales de la literatura espa\u00f1ola. Una Propuesta esc\u00e9nica con un denominador com\u00fan: \u00abinquietar\u00bb.<\/p>\n\n\n\n\n\n\n\n\n\n<h2><font style=\"vertical-align: inherit;\"><font style=\"vertical-align: inherit;\">&nbsp;Contrataci\u00f3n<\/font><\/font><\/h2><h2><\/h2>\n\n\n\n\n\n\n\n\n\n\n\n\n\n\n\n\n\n\n\n<h5><font style=\"vertical-align: inherit;\"><font style=\"vertical-align: inherit;\"><font style=\"vertical-align: inherit;\"><font style=\"vertical-align: inherit;\"><font style=\"vertical-align: inherit;\"><font style=\"vertical-align: inherit;\"><span style=\"color:#ffffff;\">instituciones colaboradoras<\/span><span style=\"color:#ffffff;\"><\/span><\/font><\/font><\/font><\/font><\/font><\/font><\/h5>\n\n\n\n\n\n\n\n<p>Lorem Ipsum has been the industry&#8217;s standard dummy text ever since the 1500s.<\/p>\n\n\n\n\n\n<p>Lorem Ipsum has been the industry&#8217;s standard dummy text ever since the 1500s.<\/p>\n\n\n\n\n\n<p>Lorem Ipsum has been the industry&#8217;s standard dummy text ever since the 1500s.<\/p>\n\n\n\n\n\n<p>Lorem Ipsum has been the industry&#8217;s standard dummy text ever since the 1500s.<\/p>\n\n\n\n\n\n\n\n<h5><font style=\"vertical-align: inherit;\"><font style=\"vertical-align: inherit;\"><font style=\"vertical-align: inherit;\"><font style=\"vertical-align: inherit;\"><font style=\"vertical-align: inherit;\"><font style=\"vertical-align: inherit;\">asociados a:<\/font><\/font><\/font><\/font><\/font><\/font><\/h5>\n\n\n\n\n\n\n\n<p>Lorem Ipsum has been the industry&#8217;s standard dummy text ever since the 1500s.<\/p>\n\n\n\n\n\n<p>Lorem Ipsum has been the industry&#8217;s standard dummy text ever since the 1500s.<\/p>\n\n\n\n\n","protected":false},"excerpt":{"rendered":"","protected":false},"author":1,"featured_media":0,"parent":0,"menu_order":1,"comment_status":"closed","ping_status":"closed","template":"","meta":{"pagelayer_contact_templates":[],"_pagelayer_content":"","footnotes":""},"class_list":["post-31","page","type-page","status-publish","hentry"],"yoast_head":"<!-- This site is optimized with the Yoast SEO plugin v27.3 - https:\/\/yoast.com\/product\/yoast-seo-wordpress\/ -->\r\n<title>Bambal\u00faa Teatro - Artes Esc\u00e9nicas<\/title>\r\n<meta name=\"description\" content=\"Bambal\u00faa Teatro es una compa\u00f1\u00eda de Teatro de Burgos. Con m\u00e1s de 25 a\u00f1os de trayectoria y 35 espect\u00e1culos creados. Es una compa\u00f1\u00eda referente en el panorama teatral de Castilla y Le\u00f3n. Actualmente tiene 9 e Bambalua teatro espect\u00e1culos en gira, para teatro familiar, teatro para todos los p\u00fablicos y teatro para adultos.\" \/>\r\n<meta name=\"robots\" content=\"index, follow, max-snippet:-1, max-image-preview:large, max-video-preview:-1\" \/>\r\n<link rel=\"canonical\" href=\"https:\/\/bambaluateatro.com\/5.7\/\" \/>\r\n<meta property=\"og:locale\" content=\"es_ES\" \/>\r\n<meta property=\"og:type\" content=\"article\" \/>\r\n<meta property=\"og:title\" content=\"Bambal\u00faa Teatro - Artes Esc\u00e9nicas\" \/>\r\n<meta property=\"og:description\" content=\"Bambal\u00faa Teatro es una compa\u00f1\u00eda de Teatro de Burgos. Con m\u00e1s de 25 a\u00f1os de trayectoria y 35 espect\u00e1culos creados. Es una compa\u00f1\u00eda referente en el panorama teatral de Castilla y Le\u00f3n. Actualmente tiene 9 e Bambalua teatro espect\u00e1culos en gira, para teatro familiar, teatro para todos los p\u00fablicos y teatro para adultos.\" \/>\r\n<meta property=\"og:url\" content=\"https:\/\/bambaluateatro.com\/5.7\/\" \/>\r\n<meta property=\"og:site_name\" content=\"Bambalua teatro\" \/>\r\n<meta property=\"article:publisher\" content=\"https:\/\/www.facebook.com\/bambalua\" \/>\r\n<meta property=\"article:modified_time\" content=\"2025-09-03T14:42:51+00:00\" \/>\r\n<meta name=\"twitter:card\" content=\"summary_large_image\" \/>\r\n<meta name=\"twitter:label1\" content=\"Tiempo de lectura\" \/>\n\t<meta name=\"twitter:data1\" content=\"1 minuto\" \/>\r\n<script type=\"application\/ld+json\" class=\"yoast-schema-graph\">{\"@context\":\"https:\\\/\\\/schema.org\",\"@graph\":[{\"@type\":\"WebPage\",\"@id\":\"https:\\\/\\\/bambaluateatro.com\\\/5.7\\\/\",\"url\":\"https:\\\/\\\/bambaluateatro.com\\\/5.7\\\/\",\"name\":\"Bambal\u00faa Teatro - Artes Esc\u00e9nicas\",\"isPartOf\":{\"@id\":\"https:\\\/\\\/bambaluateatro.com\\\/5.7\\\/#website\"},\"datePublished\":\"2021-11-22T17:01:25+00:00\",\"dateModified\":\"2025-09-03T14:42:51+00:00\",\"description\":\"Bambal\u00faa Teatro es una compa\u00f1\u00eda de Teatro de Burgos. Con m\u00e1s de 25 a\u00f1os de trayectoria y 35 espect\u00e1culos creados. Es una compa\u00f1\u00eda referente en el panorama teatral de Castilla y Le\u00f3n. Actualmente tiene 9 e Bambalua teatro espect\u00e1culos en gira, para teatro familiar, teatro para todos los p\u00fablicos y teatro para adultos.\",\"breadcrumb\":{\"@id\":\"https:\\\/\\\/bambaluateatro.com\\\/5.7\\\/#breadcrumb\"},\"inLanguage\":\"es\",\"potentialAction\":[{\"@type\":\"ReadAction\",\"target\":[\"https:\\\/\\\/bambaluateatro.com\\\/5.7\\\/\"]}]},{\"@type\":\"BreadcrumbList\",\"@id\":\"https:\\\/\\\/bambaluateatro.com\\\/5.7\\\/#breadcrumb\",\"itemListElement\":[{\"@type\":\"ListItem\",\"position\":1,\"name\":\"Portada\",\"item\":\"https:\\\/\\\/bambaluateatro.com\\\/5.7\\\/\"},{\"@type\":\"ListItem\",\"position\":2,\"name\":\"Inicio\"}]},{\"@type\":\"WebSite\",\"@id\":\"https:\\\/\\\/bambaluateatro.com\\\/5.7\\\/#website\",\"url\":\"https:\\\/\\\/bambaluateatro.com\\\/5.7\\\/\",\"name\":\"Bambal\u00faa teatro\",\"description\":\"Bambal\u00faa Teatro - Artes Esc\u00e9nicas\",\"publisher\":{\"@id\":\"https:\\\/\\\/bambaluateatro.com\\\/5.7\\\/#organization\"},\"potentialAction\":[{\"@type\":\"SearchAction\",\"target\":{\"@type\":\"EntryPoint\",\"urlTemplate\":\"https:\\\/\\\/bambaluateatro.com\\\/5.7\\\/?s={search_term_string}\"},\"query-input\":{\"@type\":\"PropertyValueSpecification\",\"valueRequired\":true,\"valueName\":\"search_term_string\"}}],\"inLanguage\":\"es\"},{\"@type\":\"Organization\",\"@id\":\"https:\\\/\\\/bambaluateatro.com\\\/5.7\\\/#organization\",\"name\":\"Bambal\u00faa teatro\",\"url\":\"https:\\\/\\\/bambaluateatro.com\\\/5.7\\\/\",\"logo\":{\"@type\":\"ImageObject\",\"inLanguage\":\"es\",\"@id\":\"https:\\\/\\\/bambaluateatro.com\\\/5.7\\\/#\\\/schema\\\/logo\\\/image\\\/\",\"url\":\"https:\\\/\\\/bambaluateatro.com\\\/5.7\\\/wp-content\\\/uploads\\\/2021\\\/11\\\/icono_u4.png\",\"contentUrl\":\"https:\\\/\\\/bambaluateatro.com\\\/5.7\\\/wp-content\\\/uploads\\\/2021\\\/11\\\/icono_u4.png\",\"width\":500,\"height\":494,\"caption\":\"Bambal\u00faa teatro\"},\"image\":{\"@id\":\"https:\\\/\\\/bambaluateatro.com\\\/5.7\\\/#\\\/schema\\\/logo\\\/image\\\/\"},\"sameAs\":[\"https:\\\/\\\/www.facebook.com\\\/bambalua\",\"https:\\\/\\\/www.youtube.com\\\/user\\\/bambaluateatro\",\"https:\\\/\\\/twitter.com\\\/bambalua\"]}]}<\/script>\r\n<!-- \/ Yoast SEO plugin. -->","yoast_head_json":{"title":"Bambal\u00faa Teatro - Artes Esc\u00e9nicas","description":"Bambal\u00faa Teatro es una compa\u00f1\u00eda de Teatro de Burgos. Con m\u00e1s de 25 a\u00f1os de trayectoria y 35 espect\u00e1culos creados. Es una compa\u00f1\u00eda referente en el panorama teatral de Castilla y Le\u00f3n. Actualmente tiene 9 e Bambalua teatro espect\u00e1culos en gira, para teatro familiar, teatro para todos los p\u00fablicos y teatro para adultos.","robots":{"index":"index","follow":"follow","max-snippet":"max-snippet:-1","max-image-preview":"max-image-preview:large","max-video-preview":"max-video-preview:-1"},"canonical":"https:\/\/bambaluateatro.com\/5.7\/","og_locale":"es_ES","og_type":"article","og_title":"Bambal\u00faa Teatro - Artes Esc\u00e9nicas","og_description":"Bambal\u00faa Teatro es una compa\u00f1\u00eda de Teatro de Burgos. Con m\u00e1s de 25 a\u00f1os de trayectoria y 35 espect\u00e1culos creados. Es una compa\u00f1\u00eda referente en el panorama teatral de Castilla y Le\u00f3n. Actualmente tiene 9 e Bambalua teatro espect\u00e1culos en gira, para teatro familiar, teatro para todos los p\u00fablicos y teatro para adultos.","og_url":"https:\/\/bambaluateatro.com\/5.7\/","og_site_name":"Bambalua teatro","article_publisher":"https:\/\/www.facebook.com\/bambalua","article_modified_time":"2025-09-03T14:42:51+00:00","twitter_card":"summary_large_image","twitter_misc":{"Tiempo de lectura":"1 minuto"},"schema":{"@context":"https:\/\/schema.org","@graph":[{"@type":"WebPage","@id":"https:\/\/bambaluateatro.com\/5.7\/","url":"https:\/\/bambaluateatro.com\/5.7\/","name":"Bambal\u00faa Teatro - Artes Esc\u00e9nicas","isPartOf":{"@id":"https:\/\/bambaluateatro.com\/5.7\/#website"},"datePublished":"2021-11-22T17:01:25+00:00","dateModified":"2025-09-03T14:42:51+00:00","description":"Bambal\u00faa Teatro es una compa\u00f1\u00eda de Teatro de Burgos. Con m\u00e1s de 25 a\u00f1os de trayectoria y 35 espect\u00e1culos creados. Es una compa\u00f1\u00eda referente en el panorama teatral de Castilla y Le\u00f3n. Actualmente tiene 9 e Bambalua teatro espect\u00e1culos en gira, para teatro familiar, teatro para todos los p\u00fablicos y teatro para adultos.","breadcrumb":{"@id":"https:\/\/bambaluateatro.com\/5.7\/#breadcrumb"},"inLanguage":"es","potentialAction":[{"@type":"ReadAction","target":["https:\/\/bambaluateatro.com\/5.7\/"]}]},{"@type":"BreadcrumbList","@id":"https:\/\/bambaluateatro.com\/5.7\/#breadcrumb","itemListElement":[{"@type":"ListItem","position":1,"name":"Portada","item":"https:\/\/bambaluateatro.com\/5.7\/"},{"@type":"ListItem","position":2,"name":"Inicio"}]},{"@type":"WebSite","@id":"https:\/\/bambaluateatro.com\/5.7\/#website","url":"https:\/\/bambaluateatro.com\/5.7\/","name":"Bambal\u00faa teatro","description":"Bambal\u00faa Teatro - Artes Esc\u00e9nicas","publisher":{"@id":"https:\/\/bambaluateatro.com\/5.7\/#organization"},"potentialAction":[{"@type":"SearchAction","target":{"@type":"EntryPoint","urlTemplate":"https:\/\/bambaluateatro.com\/5.7\/?s={search_term_string}"},"query-input":{"@type":"PropertyValueSpecification","valueRequired":true,"valueName":"search_term_string"}}],"inLanguage":"es"},{"@type":"Organization","@id":"https:\/\/bambaluateatro.com\/5.7\/#organization","name":"Bambal\u00faa teatro","url":"https:\/\/bambaluateatro.com\/5.7\/","logo":{"@type":"ImageObject","inLanguage":"es","@id":"https:\/\/bambaluateatro.com\/5.7\/#\/schema\/logo\/image\/","url":"https:\/\/bambaluateatro.com\/5.7\/wp-content\/uploads\/2021\/11\/icono_u4.png","contentUrl":"https:\/\/bambaluateatro.com\/5.7\/wp-content\/uploads\/2021\/11\/icono_u4.png","width":500,"height":494,"caption":"Bambal\u00faa teatro"},"image":{"@id":"https:\/\/bambaluateatro.com\/5.7\/#\/schema\/logo\/image\/"},"sameAs":["https:\/\/www.facebook.com\/bambalua","https:\/\/www.youtube.com\/user\/bambaluateatro","https:\/\/twitter.com\/bambalua"]}]}},"_links":{"self":[{"href":"https:\/\/bambaluateatro.com\/5.7\/wp-json\/wp\/v2\/pages\/31","targetHints":{"allow":["GET"]}}],"collection":[{"href":"https:\/\/bambaluateatro.com\/5.7\/wp-json\/wp\/v2\/pages"}],"about":[{"href":"https:\/\/bambaluateatro.com\/5.7\/wp-json\/wp\/v2\/types\/page"}],"author":[{"embeddable":true,"href":"https:\/\/bambaluateatro.com\/5.7\/wp-json\/wp\/v2\/users\/1"}],"replies":[{"embeddable":true,"href":"https:\/\/bambaluateatro.com\/5.7\/wp-json\/wp\/v2\/comments?post=31"}],"version-history":[{"count":62,"href":"https:\/\/bambaluateatro.com\/5.7\/wp-json\/wp\/v2\/pages\/31\/revisions"}],"predecessor-version":[{"id":2192,"href":"https:\/\/bambaluateatro.com\/5.7\/wp-json\/wp\/v2\/pages\/31\/revisions\/2192"}],"wp:attachment":[{"href":"https:\/\/bambaluateatro.com\/5.7\/wp-json\/wp\/v2\/media?parent=31"}],"curies":[{"name":"wp","href":"https:\/\/api.w.org\/{rel}","templated":true}]}}