{"id":511,"date":"2022-06-22T13:35:59","date_gmt":"2022-06-22T13:35:59","guid":{"rendered":"https:\/\/bambaluateatro.com\/5.7\/contact\/"},"modified":"2023-05-17T13:01:01","modified_gmt":"2023-05-17T13:01:01","slug":"bichejos","status":"publish","type":"page","link":"https:\/\/bambaluateatro.com\/5.7\/espectaculos\/familiar\/bichejos\/","title":{"rendered":"Bichejos"},"content":{"rendered":"\n\n\n<h1><font style=\"vertical-align: inherit;\"><font style=\"vertical-align: inherit;\">bichejos<\/font><\/font><\/h1>\n\n<p style=\"color: rgb(204, 224, 245);\">\u201cSab\u00eda que no pod\u00eda quedarse quieta; la peque\u00f1a Cigarra empez\u00f3 a caminar, sin saber muy bien hacia donde ir.\u201d<\/p>\n\n\n\n\n\n<h2><font style=\"vertical-align: inherit\"><span style=\"color:#888888;\"><\/span>descargas<\/font><\/h2>\n\n\n\n\n\n\n\n\n\n\n\n\n\n\n\n\n\n\n<h2><font style=\"vertical-align: inherit\"><span style=\"color:#888888;\"><\/span>Sinopsis<\/font><\/h2>\n\n<p><span style=\"font-size:large;\"><font style=\"vertical-align: inherit;\"><font style=\"vertical-align: inherit; font-size: medium;\">Bichejos nos cuenta una historia de superaci\u00f3n, la aventura de una peque\u00f1a Cigarra que busca a las temidas hormigas. En su viaje se encontrar\u00e1 con otros insectos: una ara\u00f1a incapaz de asustar, una abeja obrera que sue\u00f1a con ser reina, una mariquita infeliz, una mariposa esclava de su belleza, un mosquito que trasmite enfermedades\u2026 Con cada encuentro aflorar\u00e1n los miedos de nuestra protagonista y la necesidad de elegir su propio camino.<\/font><\/font><\/span><\/p>\n<p>&nbsp;<\/p>\n\n\n\n\n\n\n\n<h2><font style=\"vertical-align: inherit;\">caracteristicas<\/font><\/h2>\n\n\n<p style=\"text-align: right; font-size: large;\"><font style=\"vertical-align: inherit;\"><font style=\"vertical-align: inherit;\"><font style=\"vertical-align: inherit;\"><font style=\"vertical-align: inherit;\"><font style=\"vertical-align: inherit;\">Espacio: <\/font><\/font><\/font><\/font><strong><font style=\"vertical-align: inherit;\"><font style=\"vertical-align: inherit;\"><font style=\"vertical-align: inherit;\"><font style=\"vertical-align: inherit;\">Sala. <\/font><\/font><\/font><\/font><\/strong><br><font style=\"vertical-align: inherit;\"><font style=\"vertical-align: inherit;\"><font style=\"vertical-align: inherit;\"><font style=\"vertical-align: inherit;\">\nP\u00fablico: Familiar. A<\/font><\/font><\/font><\/font><strong><font style=\"vertical-align: inherit;\"><font style=\"vertical-align: inherit;\"><font style=\"vertical-align: inherit;\"><font style=\"vertical-align: inherit;\">&nbsp;partir de 5 a\u00f1os. <\/font><\/font><\/font><\/font><\/strong><br><font style=\"vertical-align: inherit;\"><font style=\"vertical-align: inherit;\"><font style=\"vertical-align: inherit;\"><font style=\"vertical-align: inherit;\">\nDuraci\u00f3n: <\/font><\/font><\/font><\/font><strong><font style=\"vertical-align: inherit;\"><font style=\"vertical-align: inherit;\"><font style=\"vertical-align: inherit;\"><font style=\"vertical-align: inherit;\">60 minutos<\/font><\/font><\/font><\/font><\/strong><br><font style=\"vertical-align: inherit;\"><font style=\"vertical-align: inherit;\"><font style=\"vertical-align: inherit;\"><font style=\"vertical-align: inherit;\">  \n<\/font><\/font><\/font><\/font><\/font><\/p>\n\n\n\n\n\n\n\n\n\n\n\n\n\n\n\n\n<h2><font style=\"vertical-align: inherit\"><span style=\"color:#888888;\"><\/span>video promocional<\/font><\/h2>\n\n\n\n\n\n\n\n\n\n\n\n\n<h2><font style=\"vertical-align: inherit;\">Galer\u00eda<\/font><\/h2>\n\n\n<p style=\"text-align: right; font-size: large;\"><font style=\"vertical-align: inherit;\">FOTOGRAF\u00cdA.<\/font><\/p>\n<p style=\"text-align: right; font-size: large;\">M.A. Valdivielso<\/p>\n\n\n<p style=\"text-align: right;\">Si quieres ver m\u00e1s fotos, arrastra las im\u00e1genes o haz clic en las flechas.<\/p>\n\n\n\n\n\n","protected":false},"excerpt":{"rendered":"","protected":false},"author":1,"featured_media":0,"parent":221,"menu_order":2,"comment_status":"closed","ping_status":"closed","template":"","meta":{"pagelayer_contact_templates":[],"_pagelayer_content":"","footnotes":""},"class_list":["post-511","page","type-page","status-publish","hentry"],"yoast_head":"<!-- This site is optimized with the Yoast SEO plugin v27.3 - https:\/\/yoast.com\/product\/yoast-seo-wordpress\/ -->\r\n<title>Bichejos - Bambalua teatro<\/title>\r\n<meta name=\"robots\" content=\"index, follow, max-snippet:-1, max-image-preview:large, max-video-preview:-1\" \/>\r\n<link rel=\"canonical\" href=\"https:\/\/bambaluateatro.com\/5.7\/espectaculos\/familiar\/bichejos\/\" \/>\r\n<meta property=\"og:locale\" content=\"es_ES\" \/>\r\n<meta property=\"og:type\" content=\"article\" \/>\r\n<meta property=\"og:title\" content=\"Bichejos - Bambalua teatro\" \/>\r\n<meta property=\"og:url\" content=\"https:\/\/bambaluateatro.com\/5.7\/espectaculos\/familiar\/bichejos\/\" \/>\r\n<meta property=\"og:site_name\" content=\"Bambalua teatro\" \/>\r\n<meta property=\"article:publisher\" content=\"https:\/\/www.facebook.com\/bambalua\" \/>\r\n<meta property=\"article:modified_time\" content=\"2023-05-17T13:01:01+00:00\" \/>\r\n<meta name=\"twitter:card\" content=\"summary_large_image\" \/>\r\n<meta name=\"twitter:label1\" content=\"Tiempo de lectura\" \/>\n\t<meta name=\"twitter:data1\" content=\"1 minuto\" \/>\r\n<script type=\"application\/ld+json\" class=\"yoast-schema-graph\">{\"@context\":\"https:\\\/\\\/schema.org\",\"@graph\":[{\"@type\":\"WebPage\",\"@id\":\"https:\\\/\\\/bambaluateatro.com\\\/5.7\\\/espectaculos\\\/familiar\\\/bichejos\\\/\",\"url\":\"https:\\\/\\\/bambaluateatro.com\\\/5.7\\\/espectaculos\\\/familiar\\\/bichejos\\\/\",\"name\":\"Bichejos - Bambalua teatro\",\"isPartOf\":{\"@id\":\"https:\\\/\\\/bambaluateatro.com\\\/5.7\\\/#website\"},\"datePublished\":\"2022-06-22T13:35:59+00:00\",\"dateModified\":\"2023-05-17T13:01:01+00:00\",\"breadcrumb\":{\"@id\":\"https:\\\/\\\/bambaluateatro.com\\\/5.7\\\/espectaculos\\\/familiar\\\/bichejos\\\/#breadcrumb\"},\"inLanguage\":\"es\",\"potentialAction\":[{\"@type\":\"ReadAction\",\"target\":[\"https:\\\/\\\/bambaluateatro.com\\\/5.7\\\/espectaculos\\\/familiar\\\/bichejos\\\/\"]}]},{\"@type\":\"BreadcrumbList\",\"@id\":\"https:\\\/\\\/bambaluateatro.com\\\/5.7\\\/espectaculos\\\/familiar\\\/bichejos\\\/#breadcrumb\",\"itemListElement\":[{\"@type\":\"ListItem\",\"position\":1,\"name\":\"Portada\",\"item\":\"https:\\\/\\\/bambaluateatro.com\\\/5.7\\\/\"},{\"@type\":\"ListItem\",\"position\":2,\"name\":\"Espect\u00e1culos\",\"item\":\"https:\\\/\\\/bambaluateatro.com\\\/5.7\\\/espectaculos\\\/\"},{\"@type\":\"ListItem\",\"position\":3,\"name\":\"Teatro Familiar\",\"item\":\"https:\\\/\\\/bambaluateatro.com\\\/5.7\\\/espectaculos\\\/familiar\\\/\"},{\"@type\":\"ListItem\",\"position\":4,\"name\":\"Bichejos\"}]},{\"@type\":\"WebSite\",\"@id\":\"https:\\\/\\\/bambaluateatro.com\\\/5.7\\\/#website\",\"url\":\"https:\\\/\\\/bambaluateatro.com\\\/5.7\\\/\",\"name\":\"Bambal\u00faa teatro\",\"description\":\"Bambal\u00faa Teatro - Artes Esc\u00e9nicas\",\"publisher\":{\"@id\":\"https:\\\/\\\/bambaluateatro.com\\\/5.7\\\/#organization\"},\"potentialAction\":[{\"@type\":\"SearchAction\",\"target\":{\"@type\":\"EntryPoint\",\"urlTemplate\":\"https:\\\/\\\/bambaluateatro.com\\\/5.7\\\/?s={search_term_string}\"},\"query-input\":{\"@type\":\"PropertyValueSpecification\",\"valueRequired\":true,\"valueName\":\"search_term_string\"}}],\"inLanguage\":\"es\"},{\"@type\":\"Organization\",\"@id\":\"https:\\\/\\\/bambaluateatro.com\\\/5.7\\\/#organization\",\"name\":\"Bambal\u00faa teatro\",\"url\":\"https:\\\/\\\/bambaluateatro.com\\\/5.7\\\/\",\"logo\":{\"@type\":\"ImageObject\",\"inLanguage\":\"es\",\"@id\":\"https:\\\/\\\/bambaluateatro.com\\\/5.7\\\/#\\\/schema\\\/logo\\\/image\\\/\",\"url\":\"https:\\\/\\\/bambaluateatro.com\\\/5.7\\\/wp-content\\\/uploads\\\/2021\\\/11\\\/icono_u4.png\",\"contentUrl\":\"https:\\\/\\\/bambaluateatro.com\\\/5.7\\\/wp-content\\\/uploads\\\/2021\\\/11\\\/icono_u4.png\",\"width\":500,\"height\":494,\"caption\":\"Bambal\u00faa teatro\"},\"image\":{\"@id\":\"https:\\\/\\\/bambaluateatro.com\\\/5.7\\\/#\\\/schema\\\/logo\\\/image\\\/\"},\"sameAs\":[\"https:\\\/\\\/www.facebook.com\\\/bambalua\",\"https:\\\/\\\/www.youtube.com\\\/user\\\/bambaluateatro\",\"https:\\\/\\\/twitter.com\\\/bambalua\"]}]}<\/script>\r\n<!-- \/ Yoast SEO plugin. -->","yoast_head_json":{"title":"Bichejos - Bambalua teatro","robots":{"index":"index","follow":"follow","max-snippet":"max-snippet:-1","max-image-preview":"max-image-preview:large","max-video-preview":"max-video-preview:-1"},"canonical":"https:\/\/bambaluateatro.com\/5.7\/espectaculos\/familiar\/bichejos\/","og_locale":"es_ES","og_type":"article","og_title":"Bichejos - Bambalua teatro","og_url":"https:\/\/bambaluateatro.com\/5.7\/espectaculos\/familiar\/bichejos\/","og_site_name":"Bambalua teatro","article_publisher":"https:\/\/www.facebook.com\/bambalua","article_modified_time":"2023-05-17T13:01:01+00:00","twitter_card":"summary_large_image","twitter_misc":{"Tiempo de lectura":"1 minuto"},"schema":{"@context":"https:\/\/schema.org","@graph":[{"@type":"WebPage","@id":"https:\/\/bambaluateatro.com\/5.7\/espectaculos\/familiar\/bichejos\/","url":"https:\/\/bambaluateatro.com\/5.7\/espectaculos\/familiar\/bichejos\/","name":"Bichejos - Bambalua teatro","isPartOf":{"@id":"https:\/\/bambaluateatro.com\/5.7\/#website"},"datePublished":"2022-06-22T13:35:59+00:00","dateModified":"2023-05-17T13:01:01+00:00","breadcrumb":{"@id":"https:\/\/bambaluateatro.com\/5.7\/espectaculos\/familiar\/bichejos\/#breadcrumb"},"inLanguage":"es","potentialAction":[{"@type":"ReadAction","target":["https:\/\/bambaluateatro.com\/5.7\/espectaculos\/familiar\/bichejos\/"]}]},{"@type":"BreadcrumbList","@id":"https:\/\/bambaluateatro.com\/5.7\/espectaculos\/familiar\/bichejos\/#breadcrumb","itemListElement":[{"@type":"ListItem","position":1,"name":"Portada","item":"https:\/\/bambaluateatro.com\/5.7\/"},{"@type":"ListItem","position":2,"name":"Espect\u00e1culos","item":"https:\/\/bambaluateatro.com\/5.7\/espectaculos\/"},{"@type":"ListItem","position":3,"name":"Teatro Familiar","item":"https:\/\/bambaluateatro.com\/5.7\/espectaculos\/familiar\/"},{"@type":"ListItem","position":4,"name":"Bichejos"}]},{"@type":"WebSite","@id":"https:\/\/bambaluateatro.com\/5.7\/#website","url":"https:\/\/bambaluateatro.com\/5.7\/","name":"Bambal\u00faa teatro","description":"Bambal\u00faa Teatro - Artes Esc\u00e9nicas","publisher":{"@id":"https:\/\/bambaluateatro.com\/5.7\/#organization"},"potentialAction":[{"@type":"SearchAction","target":{"@type":"EntryPoint","urlTemplate":"https:\/\/bambaluateatro.com\/5.7\/?s={search_term_string}"},"query-input":{"@type":"PropertyValueSpecification","valueRequired":true,"valueName":"search_term_string"}}],"inLanguage":"es"},{"@type":"Organization","@id":"https:\/\/bambaluateatro.com\/5.7\/#organization","name":"Bambal\u00faa teatro","url":"https:\/\/bambaluateatro.com\/5.7\/","logo":{"@type":"ImageObject","inLanguage":"es","@id":"https:\/\/bambaluateatro.com\/5.7\/#\/schema\/logo\/image\/","url":"https:\/\/bambaluateatro.com\/5.7\/wp-content\/uploads\/2021\/11\/icono_u4.png","contentUrl":"https:\/\/bambaluateatro.com\/5.7\/wp-content\/uploads\/2021\/11\/icono_u4.png","width":500,"height":494,"caption":"Bambal\u00faa teatro"},"image":{"@id":"https:\/\/bambaluateatro.com\/5.7\/#\/schema\/logo\/image\/"},"sameAs":["https:\/\/www.facebook.com\/bambalua","https:\/\/www.youtube.com\/user\/bambaluateatro","https:\/\/twitter.com\/bambalua"]}]}},"_links":{"self":[{"href":"https:\/\/bambaluateatro.com\/5.7\/wp-json\/wp\/v2\/pages\/511","targetHints":{"allow":["GET"]}}],"collection":[{"href":"https:\/\/bambaluateatro.com\/5.7\/wp-json\/wp\/v2\/pages"}],"about":[{"href":"https:\/\/bambaluateatro.com\/5.7\/wp-json\/wp\/v2\/types\/page"}],"author":[{"embeddable":true,"href":"https:\/\/bambaluateatro.com\/5.7\/wp-json\/wp\/v2\/users\/1"}],"replies":[{"embeddable":true,"href":"https:\/\/bambaluateatro.com\/5.7\/wp-json\/wp\/v2\/comments?post=511"}],"version-history":[{"count":17,"href":"https:\/\/bambaluateatro.com\/5.7\/wp-json\/wp\/v2\/pages\/511\/revisions"}],"predecessor-version":[{"id":1664,"href":"https:\/\/bambaluateatro.com\/5.7\/wp-json\/wp\/v2\/pages\/511\/revisions\/1664"}],"up":[{"embeddable":true,"href":"https:\/\/bambaluateatro.com\/5.7\/wp-json\/wp\/v2\/pages\/221"}],"wp:attachment":[{"href":"https:\/\/bambaluateatro.com\/5.7\/wp-json\/wp\/v2\/media?parent=511"}],"curies":[{"name":"wp","href":"https:\/\/api.w.org\/{rel}","templated":true}]}}