{"id":550,"date":"2022-06-25T17:01:11","date_gmt":"2022-06-25T17:01:11","guid":{"rendered":"https:\/\/bambaluateatro.com\/5.7\/contact\/"},"modified":"2023-05-16T12:52:22","modified_gmt":"2023-05-16T12:52:22","slug":"nam-nam","status":"publish","type":"page","link":"https:\/\/bambaluateatro.com\/5.7\/espectaculos\/teatro-para-todos-los-publicos\/nam-nam\/","title":{"rendered":"\u00d1am \u00d1am"},"content":{"rendered":"\n\n\n<h1>\u00d1am \u00d1am<\/h1>\n\n<p style=\"color: rgb(204, 224, 245);\">\u201c\u00a1Tengo hambre!&#8230;Ayer ya ten\u00eda hambre, y ma\u00f1ana tambi\u00e9n. \u00a1Siempre tengo hambre!\u201d<\/p>\n\n\n\n\n\n<h2><font style=\"vertical-align: inherit\"><span style=\"color:#888888;\"><\/span>descargas<\/font><\/h2>\n\n\n\n\n\n\n\n\n\n\n\n\n\n\n\n\n\n\n\n\n<h2><font style=\"vertical-align: inherit\"><span style=\"color:#888888;\"><\/span>Sinopsis<\/font><\/h2>\n\n<p><span style=\"font-size:large;\"><font style=\"vertical-align: inherit;\"><font style=\"vertical-align: inherit;\">Un espect\u00e1culo de humor para todos los p\u00fablicos. Narra las desventuras de un puchero que va pasando de mano en mano, mediante picard\u00edas y enga\u00f1os. Una historia de enredos, hambres e ingenios: las disparatadas adversidades de una cazuela a la que todos veneran. <br>\n M\u00e1s de treinta gags y situaciones c\u00f3micas y cr\u00edticas, cuidadosamente enlazadas dan forma a la dramaturgia del espect\u00e1culo, siempre en favor del juego actoral y de una puesta en escena \u00e1gil y trepidante donde, tres actores dan vida a once personajes.<\/font><\/font><\/span><\/p>\n<p>&nbsp;<\/p>\n\n\n\n\n\n\n\n<h2><font style=\"vertical-align: inherit;\">caracter\u00edsticas<\/font><\/h2>\n\n<p style=\"text-align: right; font-size: large; line-height: 1.5;\"><font style=\"vertical-align: inherit;\">Espacio: <\/font><strong><font style=\"vertical-align: inherit;\">Sala y calle. <\/font><\/strong><\/p>\n<p style=\"text-align: right; font-size: large; line-height: 1.5;\"><strong><font style=\"vertical-align: inherit;\">Adaptable a otros espacios (consultar)<\/font><\/strong><br>\n<font style=\"vertical-align: inherit;\">P\u00fablico: <\/font><strong><font style=\"vertical-align: inherit;\">Todos los p\u00fablicos. A partir de 8 a\u00f1os.  <\/font><\/strong>\n<br>\n<font style=\"vertical-align: inherit;\">Duraci\u00f3n: <\/font><strong><font style=\"vertical-align: inherit;\">60 minutos. <\/font><\/strong>\n<br>\n<strong><font style=\"vertical-align: inherit;\">Campa\u00f1as escolares:  <\/font><font style=\"vertical-align: inherit;\">E.SO. y BACH. <\/font><\/strong><\/p>\n<p style=\"text-align: right; font-size: large; line-height: 1.5;\"><strong><font style=\"vertical-align: inherit;\">(Hay material did\u00e1ctico) <\/font><\/strong>\n<br>\n<strong><font style=\"vertical-align: inherit;\">Posibilidad de realizar teatro f\u00f3rum tras el espect\u00e1culo.<\/font><\/strong><\/p>\n\n\n\n\n\n\n\n\n\n\n\n\n\n\n\n<h2><font style=\"vertical-align: inherit\"><span style=\"color:#888888;\"><\/span>video<\/font><\/h2>\n\n\n\n\n\n\n\n\n\n\n\n<h2><font style=\"vertical-align: inherit;\">Galer\u00eda<\/font><\/h2>\n\n\n<p style=\"text-align: right; font-size: large;\">Fotograf\u00eda:<\/p>\n<p style=\"text-align: right; font-size: large;\">M. A. Valdivielso<\/p>\n\n\n\n\n\n\n\n","protected":false},"excerpt":{"rendered":"","protected":false},"author":1,"featured_media":0,"parent":349,"menu_order":1,"comment_status":"closed","ping_status":"closed","template":"","meta":{"pagelayer_contact_templates":[],"_pagelayer_content":"","footnotes":""},"class_list":["post-550","page","type-page","status-publish","hentry"],"yoast_head":"<!-- This site is optimized with the Yoast SEO plugin v27.3 - https:\/\/yoast.com\/product\/yoast-seo-wordpress\/ -->\r\n<title>\u00d1am \u00d1am - Bambalua teatro<\/title>\r\n<meta name=\"robots\" content=\"index, follow, max-snippet:-1, max-image-preview:large, max-video-preview:-1\" \/>\r\n<link rel=\"canonical\" href=\"https:\/\/bambaluateatro.com\/5.7\/espectaculos\/teatro-para-todos-los-publicos\/nam-nam\/\" \/>\r\n<meta property=\"og:locale\" content=\"es_ES\" \/>\r\n<meta property=\"og:type\" content=\"article\" \/>\r\n<meta property=\"og:title\" content=\"\u00d1am \u00d1am - Bambalua teatro\" \/>\r\n<meta property=\"og:url\" content=\"https:\/\/bambaluateatro.com\/5.7\/espectaculos\/teatro-para-todos-los-publicos\/nam-nam\/\" \/>\r\n<meta property=\"og:site_name\" content=\"Bambalua teatro\" \/>\r\n<meta property=\"article:publisher\" content=\"https:\/\/www.facebook.com\/bambalua\" \/>\r\n<meta property=\"article:modified_time\" content=\"2023-05-16T12:52:22+00:00\" \/>\r\n<meta name=\"twitter:card\" content=\"summary_large_image\" \/>\r\n<meta name=\"twitter:label1\" content=\"Tiempo de lectura\" \/>\n\t<meta name=\"twitter:data1\" content=\"1 minuto\" \/>\r\n<script type=\"application\/ld+json\" class=\"yoast-schema-graph\">{\"@context\":\"https:\\\/\\\/schema.org\",\"@graph\":[{\"@type\":\"WebPage\",\"@id\":\"https:\\\/\\\/bambaluateatro.com\\\/5.7\\\/espectaculos\\\/teatro-para-todos-los-publicos\\\/nam-nam\\\/\",\"url\":\"https:\\\/\\\/bambaluateatro.com\\\/5.7\\\/espectaculos\\\/teatro-para-todos-los-publicos\\\/nam-nam\\\/\",\"name\":\"\u00d1am \u00d1am - Bambalua teatro\",\"isPartOf\":{\"@id\":\"https:\\\/\\\/bambaluateatro.com\\\/5.7\\\/#website\"},\"datePublished\":\"2022-06-25T17:01:11+00:00\",\"dateModified\":\"2023-05-16T12:52:22+00:00\",\"breadcrumb\":{\"@id\":\"https:\\\/\\\/bambaluateatro.com\\\/5.7\\\/espectaculos\\\/teatro-para-todos-los-publicos\\\/nam-nam\\\/#breadcrumb\"},\"inLanguage\":\"es\",\"potentialAction\":[{\"@type\":\"ReadAction\",\"target\":[\"https:\\\/\\\/bambaluateatro.com\\\/5.7\\\/espectaculos\\\/teatro-para-todos-los-publicos\\\/nam-nam\\\/\"]}]},{\"@type\":\"BreadcrumbList\",\"@id\":\"https:\\\/\\\/bambaluateatro.com\\\/5.7\\\/espectaculos\\\/teatro-para-todos-los-publicos\\\/nam-nam\\\/#breadcrumb\",\"itemListElement\":[{\"@type\":\"ListItem\",\"position\":1,\"name\":\"Portada\",\"item\":\"https:\\\/\\\/bambaluateatro.com\\\/5.7\\\/\"},{\"@type\":\"ListItem\",\"position\":2,\"name\":\"Espect\u00e1culos\",\"item\":\"https:\\\/\\\/bambaluateatro.com\\\/5.7\\\/espectaculos\\\/\"},{\"@type\":\"ListItem\",\"position\":3,\"name\":\"Teatro para todos los p\u00fablicos\",\"item\":\"https:\\\/\\\/bambaluateatro.com\\\/5.7\\\/espectaculos\\\/teatro-para-todos-los-publicos\\\/\"},{\"@type\":\"ListItem\",\"position\":4,\"name\":\"\u00d1am \u00d1am\"}]},{\"@type\":\"WebSite\",\"@id\":\"https:\\\/\\\/bambaluateatro.com\\\/5.7\\\/#website\",\"url\":\"https:\\\/\\\/bambaluateatro.com\\\/5.7\\\/\",\"name\":\"Bambal\u00faa teatro\",\"description\":\"Bambal\u00faa Teatro - Artes Esc\u00e9nicas\",\"publisher\":{\"@id\":\"https:\\\/\\\/bambaluateatro.com\\\/5.7\\\/#organization\"},\"potentialAction\":[{\"@type\":\"SearchAction\",\"target\":{\"@type\":\"EntryPoint\",\"urlTemplate\":\"https:\\\/\\\/bambaluateatro.com\\\/5.7\\\/?s={search_term_string}\"},\"query-input\":{\"@type\":\"PropertyValueSpecification\",\"valueRequired\":true,\"valueName\":\"search_term_string\"}}],\"inLanguage\":\"es\"},{\"@type\":\"Organization\",\"@id\":\"https:\\\/\\\/bambaluateatro.com\\\/5.7\\\/#organization\",\"name\":\"Bambal\u00faa teatro\",\"url\":\"https:\\\/\\\/bambaluateatro.com\\\/5.7\\\/\",\"logo\":{\"@type\":\"ImageObject\",\"inLanguage\":\"es\",\"@id\":\"https:\\\/\\\/bambaluateatro.com\\\/5.7\\\/#\\\/schema\\\/logo\\\/image\\\/\",\"url\":\"https:\\\/\\\/bambaluateatro.com\\\/5.7\\\/wp-content\\\/uploads\\\/2021\\\/11\\\/icono_u4.png\",\"contentUrl\":\"https:\\\/\\\/bambaluateatro.com\\\/5.7\\\/wp-content\\\/uploads\\\/2021\\\/11\\\/icono_u4.png\",\"width\":500,\"height\":494,\"caption\":\"Bambal\u00faa teatro\"},\"image\":{\"@id\":\"https:\\\/\\\/bambaluateatro.com\\\/5.7\\\/#\\\/schema\\\/logo\\\/image\\\/\"},\"sameAs\":[\"https:\\\/\\\/www.facebook.com\\\/bambalua\",\"https:\\\/\\\/www.youtube.com\\\/user\\\/bambaluateatro\",\"https:\\\/\\\/twitter.com\\\/bambalua\"]}]}<\/script>\r\n<!-- \/ Yoast SEO plugin. -->","yoast_head_json":{"title":"\u00d1am \u00d1am - Bambalua teatro","robots":{"index":"index","follow":"follow","max-snippet":"max-snippet:-1","max-image-preview":"max-image-preview:large","max-video-preview":"max-video-preview:-1"},"canonical":"https:\/\/bambaluateatro.com\/5.7\/espectaculos\/teatro-para-todos-los-publicos\/nam-nam\/","og_locale":"es_ES","og_type":"article","og_title":"\u00d1am \u00d1am - Bambalua teatro","og_url":"https:\/\/bambaluateatro.com\/5.7\/espectaculos\/teatro-para-todos-los-publicos\/nam-nam\/","og_site_name":"Bambalua teatro","article_publisher":"https:\/\/www.facebook.com\/bambalua","article_modified_time":"2023-05-16T12:52:22+00:00","twitter_card":"summary_large_image","twitter_misc":{"Tiempo de lectura":"1 minuto"},"schema":{"@context":"https:\/\/schema.org","@graph":[{"@type":"WebPage","@id":"https:\/\/bambaluateatro.com\/5.7\/espectaculos\/teatro-para-todos-los-publicos\/nam-nam\/","url":"https:\/\/bambaluateatro.com\/5.7\/espectaculos\/teatro-para-todos-los-publicos\/nam-nam\/","name":"\u00d1am \u00d1am - Bambalua teatro","isPartOf":{"@id":"https:\/\/bambaluateatro.com\/5.7\/#website"},"datePublished":"2022-06-25T17:01:11+00:00","dateModified":"2023-05-16T12:52:22+00:00","breadcrumb":{"@id":"https:\/\/bambaluateatro.com\/5.7\/espectaculos\/teatro-para-todos-los-publicos\/nam-nam\/#breadcrumb"},"inLanguage":"es","potentialAction":[{"@type":"ReadAction","target":["https:\/\/bambaluateatro.com\/5.7\/espectaculos\/teatro-para-todos-los-publicos\/nam-nam\/"]}]},{"@type":"BreadcrumbList","@id":"https:\/\/bambaluateatro.com\/5.7\/espectaculos\/teatro-para-todos-los-publicos\/nam-nam\/#breadcrumb","itemListElement":[{"@type":"ListItem","position":1,"name":"Portada","item":"https:\/\/bambaluateatro.com\/5.7\/"},{"@type":"ListItem","position":2,"name":"Espect\u00e1culos","item":"https:\/\/bambaluateatro.com\/5.7\/espectaculos\/"},{"@type":"ListItem","position":3,"name":"Teatro para todos los p\u00fablicos","item":"https:\/\/bambaluateatro.com\/5.7\/espectaculos\/teatro-para-todos-los-publicos\/"},{"@type":"ListItem","position":4,"name":"\u00d1am \u00d1am"}]},{"@type":"WebSite","@id":"https:\/\/bambaluateatro.com\/5.7\/#website","url":"https:\/\/bambaluateatro.com\/5.7\/","name":"Bambal\u00faa teatro","description":"Bambal\u00faa Teatro - Artes Esc\u00e9nicas","publisher":{"@id":"https:\/\/bambaluateatro.com\/5.7\/#organization"},"potentialAction":[{"@type":"SearchAction","target":{"@type":"EntryPoint","urlTemplate":"https:\/\/bambaluateatro.com\/5.7\/?s={search_term_string}"},"query-input":{"@type":"PropertyValueSpecification","valueRequired":true,"valueName":"search_term_string"}}],"inLanguage":"es"},{"@type":"Organization","@id":"https:\/\/bambaluateatro.com\/5.7\/#organization","name":"Bambal\u00faa teatro","url":"https:\/\/bambaluateatro.com\/5.7\/","logo":{"@type":"ImageObject","inLanguage":"es","@id":"https:\/\/bambaluateatro.com\/5.7\/#\/schema\/logo\/image\/","url":"https:\/\/bambaluateatro.com\/5.7\/wp-content\/uploads\/2021\/11\/icono_u4.png","contentUrl":"https:\/\/bambaluateatro.com\/5.7\/wp-content\/uploads\/2021\/11\/icono_u4.png","width":500,"height":494,"caption":"Bambal\u00faa teatro"},"image":{"@id":"https:\/\/bambaluateatro.com\/5.7\/#\/schema\/logo\/image\/"},"sameAs":["https:\/\/www.facebook.com\/bambalua","https:\/\/www.youtube.com\/user\/bambaluateatro","https:\/\/twitter.com\/bambalua"]}]}},"_links":{"self":[{"href":"https:\/\/bambaluateatro.com\/5.7\/wp-json\/wp\/v2\/pages\/550","targetHints":{"allow":["GET"]}}],"collection":[{"href":"https:\/\/bambaluateatro.com\/5.7\/wp-json\/wp\/v2\/pages"}],"about":[{"href":"https:\/\/bambaluateatro.com\/5.7\/wp-json\/wp\/v2\/types\/page"}],"author":[{"embeddable":true,"href":"https:\/\/bambaluateatro.com\/5.7\/wp-json\/wp\/v2\/users\/1"}],"replies":[{"embeddable":true,"href":"https:\/\/bambaluateatro.com\/5.7\/wp-json\/wp\/v2\/comments?post=550"}],"version-history":[{"count":55,"href":"https:\/\/bambaluateatro.com\/5.7\/wp-json\/wp\/v2\/pages\/550\/revisions"}],"predecessor-version":[{"id":1653,"href":"https:\/\/bambaluateatro.com\/5.7\/wp-json\/wp\/v2\/pages\/550\/revisions\/1653"}],"up":[{"embeddable":true,"href":"https:\/\/bambaluateatro.com\/5.7\/wp-json\/wp\/v2\/pages\/349"}],"wp:attachment":[{"href":"https:\/\/bambaluateatro.com\/5.7\/wp-json\/wp\/v2\/media?parent=550"}],"curies":[{"name":"wp","href":"https:\/\/api.w.org\/{rel}","templated":true}]}}