{"id":630,"date":"2022-06-27T07:38:21","date_gmt":"2022-06-27T07:38:21","guid":{"rendered":"https:\/\/bambaluateatro.com\/5.7\/contact\/"},"modified":"2025-12-11T23:39:29","modified_gmt":"2025-12-11T23:39:29","slug":"frankristina","status":"publish","type":"page","link":"https:\/\/bambaluateatro.com\/5.7\/espectaculos\/teatro-para-todos-los-publicos\/frankristina\/","title":{"rendered":"Frankristina"},"content":{"rendered":"\n\n\n\n\n<h1>Frankristina<\/h1>\n\n\n\n\n\n<p [object NamedNodeMap]>\u201c\u00bfPero por qu\u00e9 se comporta de esa manera? Su cerebro deb\u00eda estar programado para ser dulce, amable y servicial&#8230; Si logramos activar su lado femenino tal vez reprima esos impulsos violentos que tiene.\u201d<\/p>\n\n\n\n\n\n\n\n<h2><font style=\"vertical-align: inherit\"><span style=\"color:#888888;\"><\/span>descargas<\/font><\/h2>\n\n\n\n\n\n\n\n\n\n\n\n\n\n\n\n\n\n\n\n\n\n\n\n<h2><font style=\"vertical-align: inherit\"><span style=\"color:#888888;\"><\/span>Sinopsis<\/font><\/h2>\n\n\n\n\n\n<p><span style=\"font-size:large;\"><font style=\"vertical-align: inherit;\"><font style=\"vertical-align: inherit;\">El Dr. Frankenstein cumple su obsesi\u00f3n, fabricar con distintos \u00f3rganos y miembros a Frankristina, una mujer a la que dominar pl\u00e1cidamente; pero Frankristina, m\u00e1s all\u00e1 de atender las labores dom\u00e9sticas y de complacer al doctor, est\u00e1 dispuesta a encontrar su propio camino. <br><br>Un espect\u00e1culo de humor basado en una versi\u00f3n libre del mito literario de Frankenstein con referencias y alusiones al cine expresionista alem\u00e1n, cuyo argumento sirve para abordar la igualdad de g\u00e9nero y los roles machistas.<br><\/font><\/font><\/span><\/p>\n\n\n\n<p>\u00a0<\/p>\n\n\n\n\n\n\n\n\n\n<h2><font style=\"vertical-align: inherit;\">caracteristicas<\/font><\/h2>\n\n\n\n\n\n<p style=\"text-align: right; font-size: large;\"><font style=\"vertical-align: inherit;\">Espacio: <\/font><strong><font style=\"vertical-align: inherit;\">Sala y calle. Adaptable a otros espacios.<\/font><\/strong><\/p><p style=\"text-align: right; font-size: large;\">\n<font style=\"vertical-align: inherit;\">P\u00fablico: <\/font><strong><font style=\"vertical-align: inherit;\">Todos los p\u00fablicos. A partir de 8 a\u00f1os.  <\/font><\/strong>\n<br>\n<font style=\"vertical-align: inherit;\">Duraci\u00f3n: <\/font><strong><font style=\"vertical-align: inherit;\">60 minutos. <\/font><\/strong>\n<br>\n<font style=\"vertical-align: inherit;\">Campa\u00f1as escolares:  <\/font><strong><font style=\"vertical-align: inherit;\">Tercer ciclo de primaria y E.S.O. (Hay material did\u00e1ctico) <\/font><\/strong>\n<br>\n<strong><font style=\"vertical-align: inherit;\">Posibilidad de realizar teatro f\u00f3rum.<\/font><\/strong><\/p>\n\n\n\n\n\n\n\n\n\n\n\n\n\n\n\n\n\n\n\n\n\n<h2><font style=\"vertical-align: inherit\"><span style=\"color:#888888;\"><\/span>video<\/font><\/h2>\n\n\n\n\n\n\n\n\n\n\n\n\n\n\n\n<h2><font style=\"vertical-align: inherit;\">Galer\u00eda<\/font><\/h2>\n\n\n\n\n\n<p [object NamedNodeMap]><font style=\"vertical-align: inherit;\">Fotograf\u00eda<\/font><\/p>\n\n\n\n<p [object NamedNodeMap]>M. A. Valdivielso<\/p>\n\n\n\n\n\n\n\n\n","protected":false},"excerpt":{"rendered":"","protected":false},"author":1,"featured_media":0,"parent":349,"menu_order":3,"comment_status":"closed","ping_status":"closed","template":"","meta":{"pagelayer_contact_templates":[],"_pagelayer_content":"","footnotes":""},"class_list":["post-630","page","type-page","status-publish","hentry"],"yoast_head":"<!-- This site is optimized with the Yoast SEO plugin v27.3 - https:\/\/yoast.com\/product\/yoast-seo-wordpress\/ -->\r\n<title>Frankristina - Bambalua teatro<\/title>\r\n<meta name=\"robots\" content=\"index, follow, max-snippet:-1, max-image-preview:large, max-video-preview:-1\" \/>\r\n<link rel=\"canonical\" href=\"https:\/\/bambaluateatro.com\/5.7\/espectaculos\/teatro-para-todos-los-publicos\/frankristina\/\" \/>\r\n<meta property=\"og:locale\" content=\"es_ES\" \/>\r\n<meta property=\"og:type\" content=\"article\" \/>\r\n<meta property=\"og:title\" content=\"Frankristina - Bambalua teatro\" \/>\r\n<meta property=\"og:url\" content=\"https:\/\/bambaluateatro.com\/5.7\/espectaculos\/teatro-para-todos-los-publicos\/frankristina\/\" \/>\r\n<meta property=\"og:site_name\" content=\"Bambalua teatro\" \/>\r\n<meta property=\"article:publisher\" content=\"https:\/\/www.facebook.com\/bambalua\" \/>\r\n<meta property=\"article:modified_time\" content=\"2025-12-11T23:39:29+00:00\" \/>\r\n<meta name=\"twitter:card\" content=\"summary_large_image\" \/>\r\n<meta name=\"twitter:label1\" content=\"Tiempo de lectura\" \/>\n\t<meta name=\"twitter:data1\" content=\"1 minuto\" \/>\r\n<script type=\"application\/ld+json\" class=\"yoast-schema-graph\">{\"@context\":\"https:\\\/\\\/schema.org\",\"@graph\":[{\"@type\":\"WebPage\",\"@id\":\"https:\\\/\\\/bambaluateatro.com\\\/5.7\\\/espectaculos\\\/teatro-para-todos-los-publicos\\\/frankristina\\\/\",\"url\":\"https:\\\/\\\/bambaluateatro.com\\\/5.7\\\/espectaculos\\\/teatro-para-todos-los-publicos\\\/frankristina\\\/\",\"name\":\"Frankristina - Bambalua teatro\",\"isPartOf\":{\"@id\":\"https:\\\/\\\/bambaluateatro.com\\\/5.7\\\/#website\"},\"datePublished\":\"2022-06-27T07:38:21+00:00\",\"dateModified\":\"2025-12-11T23:39:29+00:00\",\"breadcrumb\":{\"@id\":\"https:\\\/\\\/bambaluateatro.com\\\/5.7\\\/espectaculos\\\/teatro-para-todos-los-publicos\\\/frankristina\\\/#breadcrumb\"},\"inLanguage\":\"es\",\"potentialAction\":[{\"@type\":\"ReadAction\",\"target\":[\"https:\\\/\\\/bambaluateatro.com\\\/5.7\\\/espectaculos\\\/teatro-para-todos-los-publicos\\\/frankristina\\\/\"]}]},{\"@type\":\"BreadcrumbList\",\"@id\":\"https:\\\/\\\/bambaluateatro.com\\\/5.7\\\/espectaculos\\\/teatro-para-todos-los-publicos\\\/frankristina\\\/#breadcrumb\",\"itemListElement\":[{\"@type\":\"ListItem\",\"position\":1,\"name\":\"Portada\",\"item\":\"https:\\\/\\\/bambaluateatro.com\\\/5.7\\\/\"},{\"@type\":\"ListItem\",\"position\":2,\"name\":\"Espect\u00e1culos\",\"item\":\"https:\\\/\\\/bambaluateatro.com\\\/5.7\\\/espectaculos\\\/\"},{\"@type\":\"ListItem\",\"position\":3,\"name\":\"Teatro para todos los p\u00fablicos\",\"item\":\"https:\\\/\\\/bambaluateatro.com\\\/5.7\\\/espectaculos\\\/teatro-para-todos-los-publicos\\\/\"},{\"@type\":\"ListItem\",\"position\":4,\"name\":\"Frankristina\"}]},{\"@type\":\"WebSite\",\"@id\":\"https:\\\/\\\/bambaluateatro.com\\\/5.7\\\/#website\",\"url\":\"https:\\\/\\\/bambaluateatro.com\\\/5.7\\\/\",\"name\":\"Bambal\u00faa teatro\",\"description\":\"Bambal\u00faa Teatro - Artes Esc\u00e9nicas\",\"publisher\":{\"@id\":\"https:\\\/\\\/bambaluateatro.com\\\/5.7\\\/#organization\"},\"potentialAction\":[{\"@type\":\"SearchAction\",\"target\":{\"@type\":\"EntryPoint\",\"urlTemplate\":\"https:\\\/\\\/bambaluateatro.com\\\/5.7\\\/?s={search_term_string}\"},\"query-input\":{\"@type\":\"PropertyValueSpecification\",\"valueRequired\":true,\"valueName\":\"search_term_string\"}}],\"inLanguage\":\"es\"},{\"@type\":\"Organization\",\"@id\":\"https:\\\/\\\/bambaluateatro.com\\\/5.7\\\/#organization\",\"name\":\"Bambal\u00faa teatro\",\"url\":\"https:\\\/\\\/bambaluateatro.com\\\/5.7\\\/\",\"logo\":{\"@type\":\"ImageObject\",\"inLanguage\":\"es\",\"@id\":\"https:\\\/\\\/bambaluateatro.com\\\/5.7\\\/#\\\/schema\\\/logo\\\/image\\\/\",\"url\":\"https:\\\/\\\/bambaluateatro.com\\\/5.7\\\/wp-content\\\/uploads\\\/2021\\\/11\\\/icono_u4.png\",\"contentUrl\":\"https:\\\/\\\/bambaluateatro.com\\\/5.7\\\/wp-content\\\/uploads\\\/2021\\\/11\\\/icono_u4.png\",\"width\":500,\"height\":494,\"caption\":\"Bambal\u00faa teatro\"},\"image\":{\"@id\":\"https:\\\/\\\/bambaluateatro.com\\\/5.7\\\/#\\\/schema\\\/logo\\\/image\\\/\"},\"sameAs\":[\"https:\\\/\\\/www.facebook.com\\\/bambalua\",\"https:\\\/\\\/www.youtube.com\\\/user\\\/bambaluateatro\",\"https:\\\/\\\/twitter.com\\\/bambalua\"]}]}<\/script>\r\n<!-- \/ Yoast SEO plugin. -->","yoast_head_json":{"title":"Frankristina - Bambalua teatro","robots":{"index":"index","follow":"follow","max-snippet":"max-snippet:-1","max-image-preview":"max-image-preview:large","max-video-preview":"max-video-preview:-1"},"canonical":"https:\/\/bambaluateatro.com\/5.7\/espectaculos\/teatro-para-todos-los-publicos\/frankristina\/","og_locale":"es_ES","og_type":"article","og_title":"Frankristina - Bambalua teatro","og_url":"https:\/\/bambaluateatro.com\/5.7\/espectaculos\/teatro-para-todos-los-publicos\/frankristina\/","og_site_name":"Bambalua teatro","article_publisher":"https:\/\/www.facebook.com\/bambalua","article_modified_time":"2025-12-11T23:39:29+00:00","twitter_card":"summary_large_image","twitter_misc":{"Tiempo de lectura":"1 minuto"},"schema":{"@context":"https:\/\/schema.org","@graph":[{"@type":"WebPage","@id":"https:\/\/bambaluateatro.com\/5.7\/espectaculos\/teatro-para-todos-los-publicos\/frankristina\/","url":"https:\/\/bambaluateatro.com\/5.7\/espectaculos\/teatro-para-todos-los-publicos\/frankristina\/","name":"Frankristina - Bambalua teatro","isPartOf":{"@id":"https:\/\/bambaluateatro.com\/5.7\/#website"},"datePublished":"2022-06-27T07:38:21+00:00","dateModified":"2025-12-11T23:39:29+00:00","breadcrumb":{"@id":"https:\/\/bambaluateatro.com\/5.7\/espectaculos\/teatro-para-todos-los-publicos\/frankristina\/#breadcrumb"},"inLanguage":"es","potentialAction":[{"@type":"ReadAction","target":["https:\/\/bambaluateatro.com\/5.7\/espectaculos\/teatro-para-todos-los-publicos\/frankristina\/"]}]},{"@type":"BreadcrumbList","@id":"https:\/\/bambaluateatro.com\/5.7\/espectaculos\/teatro-para-todos-los-publicos\/frankristina\/#breadcrumb","itemListElement":[{"@type":"ListItem","position":1,"name":"Portada","item":"https:\/\/bambaluateatro.com\/5.7\/"},{"@type":"ListItem","position":2,"name":"Espect\u00e1culos","item":"https:\/\/bambaluateatro.com\/5.7\/espectaculos\/"},{"@type":"ListItem","position":3,"name":"Teatro para todos los p\u00fablicos","item":"https:\/\/bambaluateatro.com\/5.7\/espectaculos\/teatro-para-todos-los-publicos\/"},{"@type":"ListItem","position":4,"name":"Frankristina"}]},{"@type":"WebSite","@id":"https:\/\/bambaluateatro.com\/5.7\/#website","url":"https:\/\/bambaluateatro.com\/5.7\/","name":"Bambal\u00faa teatro","description":"Bambal\u00faa Teatro - Artes Esc\u00e9nicas","publisher":{"@id":"https:\/\/bambaluateatro.com\/5.7\/#organization"},"potentialAction":[{"@type":"SearchAction","target":{"@type":"EntryPoint","urlTemplate":"https:\/\/bambaluateatro.com\/5.7\/?s={search_term_string}"},"query-input":{"@type":"PropertyValueSpecification","valueRequired":true,"valueName":"search_term_string"}}],"inLanguage":"es"},{"@type":"Organization","@id":"https:\/\/bambaluateatro.com\/5.7\/#organization","name":"Bambal\u00faa teatro","url":"https:\/\/bambaluateatro.com\/5.7\/","logo":{"@type":"ImageObject","inLanguage":"es","@id":"https:\/\/bambaluateatro.com\/5.7\/#\/schema\/logo\/image\/","url":"https:\/\/bambaluateatro.com\/5.7\/wp-content\/uploads\/2021\/11\/icono_u4.png","contentUrl":"https:\/\/bambaluateatro.com\/5.7\/wp-content\/uploads\/2021\/11\/icono_u4.png","width":500,"height":494,"caption":"Bambal\u00faa teatro"},"image":{"@id":"https:\/\/bambaluateatro.com\/5.7\/#\/schema\/logo\/image\/"},"sameAs":["https:\/\/www.facebook.com\/bambalua","https:\/\/www.youtube.com\/user\/bambaluateatro","https:\/\/twitter.com\/bambalua"]}]}},"_links":{"self":[{"href":"https:\/\/bambaluateatro.com\/5.7\/wp-json\/wp\/v2\/pages\/630","targetHints":{"allow":["GET"]}}],"collection":[{"href":"https:\/\/bambaluateatro.com\/5.7\/wp-json\/wp\/v2\/pages"}],"about":[{"href":"https:\/\/bambaluateatro.com\/5.7\/wp-json\/wp\/v2\/types\/page"}],"author":[{"embeddable":true,"href":"https:\/\/bambaluateatro.com\/5.7\/wp-json\/wp\/v2\/users\/1"}],"replies":[{"embeddable":true,"href":"https:\/\/bambaluateatro.com\/5.7\/wp-json\/wp\/v2\/comments?post=630"}],"version-history":[{"count":18,"href":"https:\/\/bambaluateatro.com\/5.7\/wp-json\/wp\/v2\/pages\/630\/revisions"}],"predecessor-version":[{"id":2215,"href":"https:\/\/bambaluateatro.com\/5.7\/wp-json\/wp\/v2\/pages\/630\/revisions\/2215"}],"up":[{"embeddable":true,"href":"https:\/\/bambaluateatro.com\/5.7\/wp-json\/wp\/v2\/pages\/349"}],"wp:attachment":[{"href":"https:\/\/bambaluateatro.com\/5.7\/wp-json\/wp\/v2\/media?parent=630"}],"curies":[{"name":"wp","href":"https:\/\/api.w.org\/{rel}","templated":true}]}}