{"id":689,"date":"2022-06-30T13:36:31","date_gmt":"2022-06-30T13:36:31","guid":{"rendered":"https:\/\/bambaluateatro.com\/5.7\/contact\/"},"modified":"2025-11-05T19:33:40","modified_gmt":"2025-11-05T19:33:40","slug":"memoria-de-cenizas","status":"publish","type":"page","link":"https:\/\/bambaluateatro.com\/5.7\/espectaculos\/teatro-para-jovenes-y-adultos\/memoria-de-cenizas\/","title":{"rendered":"Memoria de Cenizas"},"content":{"rendered":"\n\n\n<h1>Memoria de cenizas<\/h1>\n\n<p style=\"color: rgb(204, 224, 245);\">\u201cTodo hombre en el mundo, por muy fiero y b\u00e1rbaro que sea, siente las centellas aqu\u00ed, punzado y moviendo su coraz\u00f3n hacia el conocimiento de la verdad&#8230; aqu\u00ed&#8230;  las centellas&#8230;  aqu\u00ed&#8230; la verdad.\u201d<\/p>\n<p style=\"color: rgb(204, 224, 245);\"><br><\/p>\n<p\u00a0style=\"color: rgb(204,=\"\" 224,=\"\" 245);\"=\"\"><br><\/p\u00a0style=\"color:>\n<p\u00a0style=\"color: rgb(204,=\"\" 224,=\"\" 245);\"=\"\"><br><\/p\u00a0style=\"color:>\n<p style=\"color: rgb(204, 224, 245);\">Estudios recientes se\u00f1alan a Francisco de Enzinas como el an\u00f3nimo autor de las dos partes del Lazarillo de Tormes.<\/p>\n\n\n\n\n\n<h2><font style=\"vertical-align: inherit\"><span style=\"color:#888888;\"><\/span>descargas<\/font><\/h2>\n\n\n\n\n\n\n\n\n\n\n\n\n\n\n\n\n<h2><font style=\"vertical-align: inherit\"><span style=\"color:#888888;\"><\/span>Sinopsis<\/font><\/h2>\n\n<span style=\"font-size: medium;\">\u201cMemoria de Cenizas\u201d es un canto a favor de la tolerancia religiosa, ideol\u00f3gica y cultural, plasmadas en la vida de Francisco de Enzinas (Burgos 1518 \u2013 Estrasburgo 1552), ejemplo de compromiso, rebeld\u00eda, y erudici\u00f3n.  Traductor, editor, preceptor, profesor universitario y comerciante de libros. A \u00e9l debemos la primera traducci\u00f3n al castellano del Nuevo Testamento, motivo que le llev\u00f3 a ser encarcelado, acusado de herej\u00eda por el emperador Carlos V.<\/span>\n\n\n\n\n\n\n\n<h2><font style=\"vertical-align: inherit;\">caracteristicas<\/font><\/h2>\n\n\n<p style=\"text-align: right; font-size: large;\"><font style=\"vertical-align: inherit;\">Espacio: <\/font><strong><font style=\"vertical-align: inherit;\">Sala.<\/font><\/strong>\n<br>\n<font style=\"vertical-align: inherit;\">P\u00fablico: <\/font><strong><font style=\"vertical-align: inherit;\">A partir de 14 a\u00f1os.  <\/font><\/strong>\n<br>\n<font style=\"vertical-align: inherit;\">Duraci\u00f3n: <\/font><strong><font style=\"vertical-align: inherit;\">70 minutos. <\/font><\/strong>\n<br>\nCampa\u00f1as escolares: E.SO. y BACH.&nbsp;<br>Material did\u00e1ctico disponible para el alumnado<br>Posibilidad de realizar Teatro Forum&nbsp;<\/p>\n\n\n\n\n\n\n\n\n\n\n\n\n\n\n\n\n<h2><font style=\"vertical-align: inherit\"><span style=\"color:#888888;\"><\/span>video promocional<\/font><\/h2>\n\n\n\n\n\n\n\n\n\n\n\n\n<h2><font style=\"vertical-align: inherit;\">Galer\u00eda<\/font><\/h2>\n\n\n<p style=\"text-align: right; font-size: large;\">FOTOGRAF\u00cdAS:<\/p>\n<p style=\"text-align: right; font-size: large;\">M. A. Valdivielso<\/p>\n\n\n\n\n\n\n\n","protected":false},"excerpt":{"rendered":"","protected":false},"author":1,"featured_media":0,"parent":559,"menu_order":1,"comment_status":"closed","ping_status":"closed","template":"","meta":{"pagelayer_contact_templates":[],"_pagelayer_content":"","footnotes":""},"class_list":["post-689","page","type-page","status-publish","hentry"],"yoast_head":"<!-- This site is optimized with the Yoast SEO plugin v27.3 - https:\/\/yoast.com\/product\/yoast-seo-wordpress\/ -->\r\n<title>Memoria de Cenizas - Bambalua teatro<\/title>\r\n<meta name=\"robots\" content=\"index, follow, max-snippet:-1, max-image-preview:large, max-video-preview:-1\" \/>\r\n<link rel=\"canonical\" href=\"https:\/\/bambaluateatro.com\/5.7\/espectaculos\/teatro-para-jovenes-y-adultos\/memoria-de-cenizas\/\" \/>\r\n<meta property=\"og:locale\" content=\"es_ES\" \/>\r\n<meta property=\"og:type\" content=\"article\" \/>\r\n<meta property=\"og:title\" content=\"Memoria de Cenizas - Bambalua teatro\" \/>\r\n<meta property=\"og:url\" content=\"https:\/\/bambaluateatro.com\/5.7\/espectaculos\/teatro-para-jovenes-y-adultos\/memoria-de-cenizas\/\" \/>\r\n<meta property=\"og:site_name\" content=\"Bambalua teatro\" \/>\r\n<meta property=\"article:publisher\" content=\"https:\/\/www.facebook.com\/bambalua\" \/>\r\n<meta property=\"article:modified_time\" content=\"2025-11-05T19:33:40+00:00\" \/>\r\n<meta name=\"twitter:card\" content=\"summary_large_image\" \/>\r\n<script type=\"application\/ld+json\" class=\"yoast-schema-graph\">{\"@context\":\"https:\\\/\\\/schema.org\",\"@graph\":[{\"@type\":\"WebPage\",\"@id\":\"https:\\\/\\\/bambaluateatro.com\\\/5.7\\\/espectaculos\\\/teatro-para-jovenes-y-adultos\\\/memoria-de-cenizas\\\/\",\"url\":\"https:\\\/\\\/bambaluateatro.com\\\/5.7\\\/espectaculos\\\/teatro-para-jovenes-y-adultos\\\/memoria-de-cenizas\\\/\",\"name\":\"Memoria de Cenizas - Bambalua teatro\",\"isPartOf\":{\"@id\":\"https:\\\/\\\/bambaluateatro.com\\\/5.7\\\/#website\"},\"datePublished\":\"2022-06-30T13:36:31+00:00\",\"dateModified\":\"2025-11-05T19:33:40+00:00\",\"breadcrumb\":{\"@id\":\"https:\\\/\\\/bambaluateatro.com\\\/5.7\\\/espectaculos\\\/teatro-para-jovenes-y-adultos\\\/memoria-de-cenizas\\\/#breadcrumb\"},\"inLanguage\":\"es\",\"potentialAction\":[{\"@type\":\"ReadAction\",\"target\":[\"https:\\\/\\\/bambaluateatro.com\\\/5.7\\\/espectaculos\\\/teatro-para-jovenes-y-adultos\\\/memoria-de-cenizas\\\/\"]}]},{\"@type\":\"BreadcrumbList\",\"@id\":\"https:\\\/\\\/bambaluateatro.com\\\/5.7\\\/espectaculos\\\/teatro-para-jovenes-y-adultos\\\/memoria-de-cenizas\\\/#breadcrumb\",\"itemListElement\":[{\"@type\":\"ListItem\",\"position\":1,\"name\":\"Portada\",\"item\":\"https:\\\/\\\/bambaluateatro.com\\\/5.7\\\/\"},{\"@type\":\"ListItem\",\"position\":2,\"name\":\"Espect\u00e1culos\",\"item\":\"https:\\\/\\\/bambaluateatro.com\\\/5.7\\\/espectaculos\\\/\"},{\"@type\":\"ListItem\",\"position\":3,\"name\":\"Teatro para j\u00f3venes y adultos\",\"item\":\"https:\\\/\\\/bambaluateatro.com\\\/5.7\\\/espectaculos\\\/teatro-para-jovenes-y-adultos\\\/\"},{\"@type\":\"ListItem\",\"position\":4,\"name\":\"Memoria de Cenizas\"}]},{\"@type\":\"WebSite\",\"@id\":\"https:\\\/\\\/bambaluateatro.com\\\/5.7\\\/#website\",\"url\":\"https:\\\/\\\/bambaluateatro.com\\\/5.7\\\/\",\"name\":\"Bambal\u00faa teatro\",\"description\":\"Bambal\u00faa Teatro - Artes Esc\u00e9nicas\",\"publisher\":{\"@id\":\"https:\\\/\\\/bambaluateatro.com\\\/5.7\\\/#organization\"},\"potentialAction\":[{\"@type\":\"SearchAction\",\"target\":{\"@type\":\"EntryPoint\",\"urlTemplate\":\"https:\\\/\\\/bambaluateatro.com\\\/5.7\\\/?s={search_term_string}\"},\"query-input\":{\"@type\":\"PropertyValueSpecification\",\"valueRequired\":true,\"valueName\":\"search_term_string\"}}],\"inLanguage\":\"es\"},{\"@type\":\"Organization\",\"@id\":\"https:\\\/\\\/bambaluateatro.com\\\/5.7\\\/#organization\",\"name\":\"Bambal\u00faa teatro\",\"url\":\"https:\\\/\\\/bambaluateatro.com\\\/5.7\\\/\",\"logo\":{\"@type\":\"ImageObject\",\"inLanguage\":\"es\",\"@id\":\"https:\\\/\\\/bambaluateatro.com\\\/5.7\\\/#\\\/schema\\\/logo\\\/image\\\/\",\"url\":\"https:\\\/\\\/bambaluateatro.com\\\/5.7\\\/wp-content\\\/uploads\\\/2021\\\/11\\\/icono_u4.png\",\"contentUrl\":\"https:\\\/\\\/bambaluateatro.com\\\/5.7\\\/wp-content\\\/uploads\\\/2021\\\/11\\\/icono_u4.png\",\"width\":500,\"height\":494,\"caption\":\"Bambal\u00faa teatro\"},\"image\":{\"@id\":\"https:\\\/\\\/bambaluateatro.com\\\/5.7\\\/#\\\/schema\\\/logo\\\/image\\\/\"},\"sameAs\":[\"https:\\\/\\\/www.facebook.com\\\/bambalua\",\"https:\\\/\\\/www.youtube.com\\\/user\\\/bambaluateatro\",\"https:\\\/\\\/twitter.com\\\/bambalua\"]}]}<\/script>\r\n<!-- \/ Yoast SEO plugin. -->","yoast_head_json":{"title":"Memoria de Cenizas - Bambalua teatro","robots":{"index":"index","follow":"follow","max-snippet":"max-snippet:-1","max-image-preview":"max-image-preview:large","max-video-preview":"max-video-preview:-1"},"canonical":"https:\/\/bambaluateatro.com\/5.7\/espectaculos\/teatro-para-jovenes-y-adultos\/memoria-de-cenizas\/","og_locale":"es_ES","og_type":"article","og_title":"Memoria de Cenizas - Bambalua teatro","og_url":"https:\/\/bambaluateatro.com\/5.7\/espectaculos\/teatro-para-jovenes-y-adultos\/memoria-de-cenizas\/","og_site_name":"Bambalua teatro","article_publisher":"https:\/\/www.facebook.com\/bambalua","article_modified_time":"2025-11-05T19:33:40+00:00","twitter_card":"summary_large_image","schema":{"@context":"https:\/\/schema.org","@graph":[{"@type":"WebPage","@id":"https:\/\/bambaluateatro.com\/5.7\/espectaculos\/teatro-para-jovenes-y-adultos\/memoria-de-cenizas\/","url":"https:\/\/bambaluateatro.com\/5.7\/espectaculos\/teatro-para-jovenes-y-adultos\/memoria-de-cenizas\/","name":"Memoria de Cenizas - Bambalua teatro","isPartOf":{"@id":"https:\/\/bambaluateatro.com\/5.7\/#website"},"datePublished":"2022-06-30T13:36:31+00:00","dateModified":"2025-11-05T19:33:40+00:00","breadcrumb":{"@id":"https:\/\/bambaluateatro.com\/5.7\/espectaculos\/teatro-para-jovenes-y-adultos\/memoria-de-cenizas\/#breadcrumb"},"inLanguage":"es","potentialAction":[{"@type":"ReadAction","target":["https:\/\/bambaluateatro.com\/5.7\/espectaculos\/teatro-para-jovenes-y-adultos\/memoria-de-cenizas\/"]}]},{"@type":"BreadcrumbList","@id":"https:\/\/bambaluateatro.com\/5.7\/espectaculos\/teatro-para-jovenes-y-adultos\/memoria-de-cenizas\/#breadcrumb","itemListElement":[{"@type":"ListItem","position":1,"name":"Portada","item":"https:\/\/bambaluateatro.com\/5.7\/"},{"@type":"ListItem","position":2,"name":"Espect\u00e1culos","item":"https:\/\/bambaluateatro.com\/5.7\/espectaculos\/"},{"@type":"ListItem","position":3,"name":"Teatro para j\u00f3venes y adultos","item":"https:\/\/bambaluateatro.com\/5.7\/espectaculos\/teatro-para-jovenes-y-adultos\/"},{"@type":"ListItem","position":4,"name":"Memoria de Cenizas"}]},{"@type":"WebSite","@id":"https:\/\/bambaluateatro.com\/5.7\/#website","url":"https:\/\/bambaluateatro.com\/5.7\/","name":"Bambal\u00faa teatro","description":"Bambal\u00faa Teatro - Artes Esc\u00e9nicas","publisher":{"@id":"https:\/\/bambaluateatro.com\/5.7\/#organization"},"potentialAction":[{"@type":"SearchAction","target":{"@type":"EntryPoint","urlTemplate":"https:\/\/bambaluateatro.com\/5.7\/?s={search_term_string}"},"query-input":{"@type":"PropertyValueSpecification","valueRequired":true,"valueName":"search_term_string"}}],"inLanguage":"es"},{"@type":"Organization","@id":"https:\/\/bambaluateatro.com\/5.7\/#organization","name":"Bambal\u00faa teatro","url":"https:\/\/bambaluateatro.com\/5.7\/","logo":{"@type":"ImageObject","inLanguage":"es","@id":"https:\/\/bambaluateatro.com\/5.7\/#\/schema\/logo\/image\/","url":"https:\/\/bambaluateatro.com\/5.7\/wp-content\/uploads\/2021\/11\/icono_u4.png","contentUrl":"https:\/\/bambaluateatro.com\/5.7\/wp-content\/uploads\/2021\/11\/icono_u4.png","width":500,"height":494,"caption":"Bambal\u00faa teatro"},"image":{"@id":"https:\/\/bambaluateatro.com\/5.7\/#\/schema\/logo\/image\/"},"sameAs":["https:\/\/www.facebook.com\/bambalua","https:\/\/www.youtube.com\/user\/bambaluateatro","https:\/\/twitter.com\/bambalua"]}]}},"_links":{"self":[{"href":"https:\/\/bambaluateatro.com\/5.7\/wp-json\/wp\/v2\/pages\/689","targetHints":{"allow":["GET"]}}],"collection":[{"href":"https:\/\/bambaluateatro.com\/5.7\/wp-json\/wp\/v2\/pages"}],"about":[{"href":"https:\/\/bambaluateatro.com\/5.7\/wp-json\/wp\/v2\/types\/page"}],"author":[{"embeddable":true,"href":"https:\/\/bambaluateatro.com\/5.7\/wp-json\/wp\/v2\/users\/1"}],"replies":[{"embeddable":true,"href":"https:\/\/bambaluateatro.com\/5.7\/wp-json\/wp\/v2\/comments?post=689"}],"version-history":[{"count":12,"href":"https:\/\/bambaluateatro.com\/5.7\/wp-json\/wp\/v2\/pages\/689\/revisions"}],"predecessor-version":[{"id":2200,"href":"https:\/\/bambaluateatro.com\/5.7\/wp-json\/wp\/v2\/pages\/689\/revisions\/2200"}],"up":[{"embeddable":true,"href":"https:\/\/bambaluateatro.com\/5.7\/wp-json\/wp\/v2\/pages\/559"}],"wp:attachment":[{"href":"https:\/\/bambaluateatro.com\/5.7\/wp-json\/wp\/v2\/media?parent=689"}],"curies":[{"name":"wp","href":"https:\/\/api.w.org\/{rel}","templated":true}]}}