{"id":690,"date":"2022-06-30T13:36:46","date_gmt":"2022-06-30T13:36:46","guid":{"rendered":"https:\/\/bambaluateatro.com\/5.7\/contact\/"},"modified":"2025-12-11T23:41:16","modified_gmt":"2025-12-11T23:41:16","slug":"inquietante","status":"publish","type":"page","link":"https:\/\/bambaluateatro.com\/5.7\/espectaculos\/teatro-para-jovenes-y-adultos\/inquietante\/","title":{"rendered":"Inquietante"},"content":{"rendered":"\n\n\n\n\n<h1>inquietante<\/h1>\n\n\n\n\n\n<p [object NamedNodeMap]>\u201c\u00bfY si se hubiese extinguido la luz? O existe a nuestro alrededor y no la vemos. \u00bfY si esto hubiera venido para quedarse para siempre? \u00bfQu\u00e9 vamos a comer? \u00bfC\u00f3mo vamos a vivir?\u201d<\/p>\n\n\n\n\n\n\n\n<h2><font style=\"vertical-align: inherit\"><span style=\"color:#888888;\"><\/span>descargas<\/font><\/h2>\n\n\n\n\n\n\n\n\n\n\n\n\n\n\n\n\n\n\n\n\n\n\n\n<h2><font style=\"vertical-align: inherit\"><span style=\"color:#888888;\"><\/span>Sinopsis<\/font><\/h2>\n\n\n\n\n\n<p><span style=\"font-size:large;\"><font style=\"vertical-align: inherit;\"><font style=\"vertical-align: inherit;\">\u201cInquietante\u201d es la adaptaci\u00f3n libre de seis relatos fant\u00e1sticos y sobrenaturales escritos a caballo entre el siglo XIX y XX: \u201cEl pu\u00f1o\u201d y \u201cEl ciego\u201d de Emilia Pardo Baz\u00e1n; \u201cBeatriz\u201d de Ram\u00f3n del Valle-Incl\u00e1n; \u201c\u00bfD\u00f3nde est\u00e1 mi cabeza?\u201d de Benito P\u00e9rez Gald\u00f3s; \u201cJudas\u201d de Miguel Sawa y \u201cTinieblas\u201d de Wenceslao Fern\u00e1ndez Fl\u00f3rez. Seis relatos breves que tienen un denominador com\u00fan: inquietar al espectador, jugando para ello con el terror, el misterio y lo inesperado.<br><\/font><\/font><\/span><\/p>\n\n\n\n<p>\u00a0<\/p>\n\n\n\n\n\n\n\n\n\n\n\n<h2><font style=\"vertical-align: inherit;\">caracteristicas<\/font><\/h2>\n\n\n\n\n\n<p [object NamedNodeMap]><span style=\"line-height: 0.9;\"><font style=\"font-size: medium; vertical-align: inherit;\">Espacio: <\/font><strong style=\"font-size: medium;\"><font style=\"vertical-align: inherit;\">Sala.<\/font><\/strong><br><font style=\"font-size: medium; vertical-align: inherit;\">P\u00fablico: <\/font><strong style=\"font-size: medium;\"><font style=\"vertical-align: inherit;\">A partir de 14 a\u00f1os.<\/font><\/strong><br><font style=\"font-size: medium; vertical-align: inherit;\">Duraci\u00f3n: <\/font><strong style=\"font-size: medium;\"><font style=\"vertical-align: inherit;\">70 minutos.<\/font><\/strong><br><font style=\"font-size: medium; vertical-align: inherit;\">Campa\u00f1as escolares:  <\/font><strong style=\"font-size: medium;\"><font style=\"vertical-align: inherit;\">E.SO. y BACH.<\/font><\/strong><br><strong style=\"font-size: medium;\"><font style=\"vertical-align: inherit;\">Material did\u00e1ctico y actividad interactiva en la web.<\/font><\/strong><br><strong style=\"font-size: medium;\"><font style=\"vertical-align: inherit;\">Posibilidad de realizar teatro Forum.<\/font><\/strong><br><strong style=\"font-size: medium;\"><font style=\"vertical-align: inherit;\">Tanto para escolares como para p\u00fablico general.<\/font><\/strong><\/span><strong style=\"font-size: medium;\"><font style=\"vertical-align: inherit;\"><\/font><\/strong><br><\/p>\n\n\n\n<p\u00a0style=\"text-align: right;=\"\" font-size:=\"\" large;\"=\"\"><strong><font style=\"vertical-align: inherit;\"> <\/font><\/strong>\n<br><\/p\u00a0style=\"text-align:>\n\n\n\n\n\n\n\n\n\n\n\n\n\n\n\n\n\n\n\n\n\n<h2><font style=\"vertical-align: inherit\"><span style=\"color:#888888;\"><\/span>Teaser<\/font><\/h2>\n\n\n\n\n\n\n\n\n\n\n\n\n\n\n\n<h2><font style=\"vertical-align: inherit;\">Galer\u00eda<\/font><\/h2>\n\n\n\n\n\n<p [object NamedNodeMap]><font style=\"vertical-align: inherit;\">FOTOGRAF\u00cdAS:.<\/font><\/p>\n\n\n\n<p [object NamedNodeMap]>M. A. Valdivielso.<\/p>\n\n\n\n\n\n\n\n\n","protected":false},"excerpt":{"rendered":"","protected":false},"author":1,"featured_media":0,"parent":559,"menu_order":2,"comment_status":"closed","ping_status":"closed","template":"","meta":{"pagelayer_contact_templates":[],"_pagelayer_content":"","footnotes":""},"class_list":["post-690","page","type-page","status-publish","hentry"],"yoast_head":"<!-- This site is optimized with the Yoast SEO plugin v27.3 - https:\/\/yoast.com\/product\/yoast-seo-wordpress\/ -->\r\n<title>Inquietante - Bambalua teatro<\/title>\r\n<meta name=\"robots\" content=\"index, follow, max-snippet:-1, max-image-preview:large, max-video-preview:-1\" \/>\r\n<link rel=\"canonical\" href=\"https:\/\/bambaluateatro.com\/5.7\/espectaculos\/teatro-para-jovenes-y-adultos\/inquietante\/\" \/>\r\n<meta property=\"og:locale\" content=\"es_ES\" \/>\r\n<meta property=\"og:type\" content=\"article\" \/>\r\n<meta property=\"og:title\" content=\"Inquietante - Bambalua teatro\" \/>\r\n<meta property=\"og:url\" content=\"https:\/\/bambaluateatro.com\/5.7\/espectaculos\/teatro-para-jovenes-y-adultos\/inquietante\/\" \/>\r\n<meta property=\"og:site_name\" content=\"Bambalua teatro\" \/>\r\n<meta property=\"article:publisher\" content=\"https:\/\/www.facebook.com\/bambalua\" \/>\r\n<meta property=\"article:modified_time\" content=\"2025-12-11T23:41:16+00:00\" \/>\r\n<meta name=\"twitter:card\" content=\"summary_large_image\" \/>\r\n<meta name=\"twitter:label1\" content=\"Tiempo de lectura\" \/>\n\t<meta name=\"twitter:data1\" content=\"1 minuto\" \/>\r\n<script type=\"application\/ld+json\" class=\"yoast-schema-graph\">{\"@context\":\"https:\\\/\\\/schema.org\",\"@graph\":[{\"@type\":\"WebPage\",\"@id\":\"https:\\\/\\\/bambaluateatro.com\\\/5.7\\\/espectaculos\\\/teatro-para-jovenes-y-adultos\\\/inquietante\\\/\",\"url\":\"https:\\\/\\\/bambaluateatro.com\\\/5.7\\\/espectaculos\\\/teatro-para-jovenes-y-adultos\\\/inquietante\\\/\",\"name\":\"Inquietante - Bambalua teatro\",\"isPartOf\":{\"@id\":\"https:\\\/\\\/bambaluateatro.com\\\/5.7\\\/#website\"},\"datePublished\":\"2022-06-30T13:36:46+00:00\",\"dateModified\":\"2025-12-11T23:41:16+00:00\",\"breadcrumb\":{\"@id\":\"https:\\\/\\\/bambaluateatro.com\\\/5.7\\\/espectaculos\\\/teatro-para-jovenes-y-adultos\\\/inquietante\\\/#breadcrumb\"},\"inLanguage\":\"es\",\"potentialAction\":[{\"@type\":\"ReadAction\",\"target\":[\"https:\\\/\\\/bambaluateatro.com\\\/5.7\\\/espectaculos\\\/teatro-para-jovenes-y-adultos\\\/inquietante\\\/\"]}]},{\"@type\":\"BreadcrumbList\",\"@id\":\"https:\\\/\\\/bambaluateatro.com\\\/5.7\\\/espectaculos\\\/teatro-para-jovenes-y-adultos\\\/inquietante\\\/#breadcrumb\",\"itemListElement\":[{\"@type\":\"ListItem\",\"position\":1,\"name\":\"Portada\",\"item\":\"https:\\\/\\\/bambaluateatro.com\\\/5.7\\\/\"},{\"@type\":\"ListItem\",\"position\":2,\"name\":\"Espect\u00e1culos\",\"item\":\"https:\\\/\\\/bambaluateatro.com\\\/5.7\\\/espectaculos\\\/\"},{\"@type\":\"ListItem\",\"position\":3,\"name\":\"Teatro para j\u00f3venes y adultos\",\"item\":\"https:\\\/\\\/bambaluateatro.com\\\/5.7\\\/espectaculos\\\/teatro-para-jovenes-y-adultos\\\/\"},{\"@type\":\"ListItem\",\"position\":4,\"name\":\"Inquietante\"}]},{\"@type\":\"WebSite\",\"@id\":\"https:\\\/\\\/bambaluateatro.com\\\/5.7\\\/#website\",\"url\":\"https:\\\/\\\/bambaluateatro.com\\\/5.7\\\/\",\"name\":\"Bambal\u00faa teatro\",\"description\":\"Bambal\u00faa Teatro - Artes Esc\u00e9nicas\",\"publisher\":{\"@id\":\"https:\\\/\\\/bambaluateatro.com\\\/5.7\\\/#organization\"},\"potentialAction\":[{\"@type\":\"SearchAction\",\"target\":{\"@type\":\"EntryPoint\",\"urlTemplate\":\"https:\\\/\\\/bambaluateatro.com\\\/5.7\\\/?s={search_term_string}\"},\"query-input\":{\"@type\":\"PropertyValueSpecification\",\"valueRequired\":true,\"valueName\":\"search_term_string\"}}],\"inLanguage\":\"es\"},{\"@type\":\"Organization\",\"@id\":\"https:\\\/\\\/bambaluateatro.com\\\/5.7\\\/#organization\",\"name\":\"Bambal\u00faa teatro\",\"url\":\"https:\\\/\\\/bambaluateatro.com\\\/5.7\\\/\",\"logo\":{\"@type\":\"ImageObject\",\"inLanguage\":\"es\",\"@id\":\"https:\\\/\\\/bambaluateatro.com\\\/5.7\\\/#\\\/schema\\\/logo\\\/image\\\/\",\"url\":\"https:\\\/\\\/bambaluateatro.com\\\/5.7\\\/wp-content\\\/uploads\\\/2021\\\/11\\\/icono_u4.png\",\"contentUrl\":\"https:\\\/\\\/bambaluateatro.com\\\/5.7\\\/wp-content\\\/uploads\\\/2021\\\/11\\\/icono_u4.png\",\"width\":500,\"height\":494,\"caption\":\"Bambal\u00faa teatro\"},\"image\":{\"@id\":\"https:\\\/\\\/bambaluateatro.com\\\/5.7\\\/#\\\/schema\\\/logo\\\/image\\\/\"},\"sameAs\":[\"https:\\\/\\\/www.facebook.com\\\/bambalua\",\"https:\\\/\\\/www.youtube.com\\\/user\\\/bambaluateatro\",\"https:\\\/\\\/twitter.com\\\/bambalua\"]}]}<\/script>\r\n<!-- \/ Yoast SEO plugin. -->","yoast_head_json":{"title":"Inquietante - Bambalua teatro","robots":{"index":"index","follow":"follow","max-snippet":"max-snippet:-1","max-image-preview":"max-image-preview:large","max-video-preview":"max-video-preview:-1"},"canonical":"https:\/\/bambaluateatro.com\/5.7\/espectaculos\/teatro-para-jovenes-y-adultos\/inquietante\/","og_locale":"es_ES","og_type":"article","og_title":"Inquietante - Bambalua teatro","og_url":"https:\/\/bambaluateatro.com\/5.7\/espectaculos\/teatro-para-jovenes-y-adultos\/inquietante\/","og_site_name":"Bambalua teatro","article_publisher":"https:\/\/www.facebook.com\/bambalua","article_modified_time":"2025-12-11T23:41:16+00:00","twitter_card":"summary_large_image","twitter_misc":{"Tiempo de lectura":"1 minuto"},"schema":{"@context":"https:\/\/schema.org","@graph":[{"@type":"WebPage","@id":"https:\/\/bambaluateatro.com\/5.7\/espectaculos\/teatro-para-jovenes-y-adultos\/inquietante\/","url":"https:\/\/bambaluateatro.com\/5.7\/espectaculos\/teatro-para-jovenes-y-adultos\/inquietante\/","name":"Inquietante - Bambalua teatro","isPartOf":{"@id":"https:\/\/bambaluateatro.com\/5.7\/#website"},"datePublished":"2022-06-30T13:36:46+00:00","dateModified":"2025-12-11T23:41:16+00:00","breadcrumb":{"@id":"https:\/\/bambaluateatro.com\/5.7\/espectaculos\/teatro-para-jovenes-y-adultos\/inquietante\/#breadcrumb"},"inLanguage":"es","potentialAction":[{"@type":"ReadAction","target":["https:\/\/bambaluateatro.com\/5.7\/espectaculos\/teatro-para-jovenes-y-adultos\/inquietante\/"]}]},{"@type":"BreadcrumbList","@id":"https:\/\/bambaluateatro.com\/5.7\/espectaculos\/teatro-para-jovenes-y-adultos\/inquietante\/#breadcrumb","itemListElement":[{"@type":"ListItem","position":1,"name":"Portada","item":"https:\/\/bambaluateatro.com\/5.7\/"},{"@type":"ListItem","position":2,"name":"Espect\u00e1culos","item":"https:\/\/bambaluateatro.com\/5.7\/espectaculos\/"},{"@type":"ListItem","position":3,"name":"Teatro para j\u00f3venes y adultos","item":"https:\/\/bambaluateatro.com\/5.7\/espectaculos\/teatro-para-jovenes-y-adultos\/"},{"@type":"ListItem","position":4,"name":"Inquietante"}]},{"@type":"WebSite","@id":"https:\/\/bambaluateatro.com\/5.7\/#website","url":"https:\/\/bambaluateatro.com\/5.7\/","name":"Bambal\u00faa teatro","description":"Bambal\u00faa Teatro - Artes Esc\u00e9nicas","publisher":{"@id":"https:\/\/bambaluateatro.com\/5.7\/#organization"},"potentialAction":[{"@type":"SearchAction","target":{"@type":"EntryPoint","urlTemplate":"https:\/\/bambaluateatro.com\/5.7\/?s={search_term_string}"},"query-input":{"@type":"PropertyValueSpecification","valueRequired":true,"valueName":"search_term_string"}}],"inLanguage":"es"},{"@type":"Organization","@id":"https:\/\/bambaluateatro.com\/5.7\/#organization","name":"Bambal\u00faa teatro","url":"https:\/\/bambaluateatro.com\/5.7\/","logo":{"@type":"ImageObject","inLanguage":"es","@id":"https:\/\/bambaluateatro.com\/5.7\/#\/schema\/logo\/image\/","url":"https:\/\/bambaluateatro.com\/5.7\/wp-content\/uploads\/2021\/11\/icono_u4.png","contentUrl":"https:\/\/bambaluateatro.com\/5.7\/wp-content\/uploads\/2021\/11\/icono_u4.png","width":500,"height":494,"caption":"Bambal\u00faa teatro"},"image":{"@id":"https:\/\/bambaluateatro.com\/5.7\/#\/schema\/logo\/image\/"},"sameAs":["https:\/\/www.facebook.com\/bambalua","https:\/\/www.youtube.com\/user\/bambaluateatro","https:\/\/twitter.com\/bambalua"]}]}},"_links":{"self":[{"href":"https:\/\/bambaluateatro.com\/5.7\/wp-json\/wp\/v2\/pages\/690","targetHints":{"allow":["GET"]}}],"collection":[{"href":"https:\/\/bambaluateatro.com\/5.7\/wp-json\/wp\/v2\/pages"}],"about":[{"href":"https:\/\/bambaluateatro.com\/5.7\/wp-json\/wp\/v2\/types\/page"}],"author":[{"embeddable":true,"href":"https:\/\/bambaluateatro.com\/5.7\/wp-json\/wp\/v2\/users\/1"}],"replies":[{"embeddable":true,"href":"https:\/\/bambaluateatro.com\/5.7\/wp-json\/wp\/v2\/comments?post=690"}],"version-history":[{"count":14,"href":"https:\/\/bambaluateatro.com\/5.7\/wp-json\/wp\/v2\/pages\/690\/revisions"}],"predecessor-version":[{"id":2217,"href":"https:\/\/bambaluateatro.com\/5.7\/wp-json\/wp\/v2\/pages\/690\/revisions\/2217"}],"up":[{"embeddable":true,"href":"https:\/\/bambaluateatro.com\/5.7\/wp-json\/wp\/v2\/pages\/559"}],"wp:attachment":[{"href":"https:\/\/bambaluateatro.com\/5.7\/wp-json\/wp\/v2\/media?parent=690"}],"curies":[{"name":"wp","href":"https:\/\/api.w.org\/{rel}","templated":true}]}}